{"id":951,"date":"2023-07-29T09:50:31","date_gmt":"2023-07-29T08:50:31","guid":{"rendered":"http:\/\/wordpress.sventa-spring.de\/?page_id=951"},"modified":"2023-10-05T08:45:28","modified_gmt":"2023-10-05T07:45:28","slug":"f-wurf-4-woche","status":"publish","type":"page","link":"http:\/\/wordpress.sventa-spring.de\/?page_id=951","title":{"rendered":"F-Wurf \/ 4. Woche"},"content":{"rendered":"\n<p>Unsere Rasselbande hat sich toll entwickelt, daher gibt es diese Woche einmal Portr\u00e4ts mit Reservierungen. Namen werden sp\u00e4testens n\u00e4chste Woche ver\u00f6ffentlicht, denn wir feilen noch dran \ud83d\ude42<\/p>\n\n\n\n<p class=\"has-background has-vivid-cyan-blue-background-color\"><strong>R\u00fcden<\/strong><\/p>\n\n\n\n<figure class=\"wp-block-image\"><img loading=\"lazy\" decoding=\"async\" width=\"1024\" height=\"1024\" src=\"http:\/\/wordpress.sventa-spring.de\/wp-content\/uploads\/2023\/09\/0DFF817B-8B00-40B6-9CB0-0E4ACC37BBC7-1024x1024.jpg\" alt=\"\" class=\"wp-image-1027\" srcset=\"http:\/\/wordpress.sventa-spring.de\/wp-content\/uploads\/2023\/09\/0DFF817B-8B00-40B6-9CB0-0E4ACC37BBC7-1024x1024.jpg 1024w, http:\/\/wordpress.sventa-spring.de\/wp-content\/uploads\/2023\/09\/0DFF817B-8B00-40B6-9CB0-0E4ACC37BBC7-150x150.jpg 150w, http:\/\/wordpress.sventa-spring.de\/wp-content\/uploads\/2023\/09\/0DFF817B-8B00-40B6-9CB0-0E4ACC37BBC7-300x300.jpg 300w, http:\/\/wordpress.sventa-spring.de\/wp-content\/uploads\/2023\/09\/0DFF817B-8B00-40B6-9CB0-0E4ACC37BBC7-768x768.jpg 768w, http:\/\/wordpress.sventa-spring.de\/wp-content\/uploads\/2023\/09\/0DFF817B-8B00-40B6-9CB0-0E4ACC37BBC7-90x90.jpg 90w, http:\/\/wordpress.sventa-spring.de\/wp-content\/uploads\/2023\/09\/0DFF817B-8B00-40B6-9CB0-0E4ACC37BBC7-380x380.jpg 380w, http:\/\/wordpress.sventa-spring.de\/wp-content\/uploads\/2023\/09\/0DFF817B-8B00-40B6-9CB0-0E4ACC37BBC7.jpg 1080w\" sizes=\"auto, (max-width: 1024px) 100vw, 1024px\" \/><figcaption><strong>Famous Patch like Hugo, wei\u00df-schwarz, Ohrplatte rechts, Monokel links, sucht noch seine Menschen<\/strong><\/figcaption><\/figure>\n\n\n\n<figure class=\"wp-block-image\"><img loading=\"lazy\" decoding=\"async\" width=\"1024\" height=\"1024\" src=\"http:\/\/wordpress.sventa-spring.de\/wp-content\/uploads\/2023\/09\/59C30C55-52FF-469A-A5EC-54F685338190-1024x1024.jpg\" alt=\"\" class=\"wp-image-1028\" srcset=\"http:\/\/wordpress.sventa-spring.de\/wp-content\/uploads\/2023\/09\/59C30C55-52FF-469A-A5EC-54F685338190-1024x1024.jpg 1024w, http:\/\/wordpress.sventa-spring.de\/wp-content\/uploads\/2023\/09\/59C30C55-52FF-469A-A5EC-54F685338190-150x150.jpg 150w, http:\/\/wordpress.sventa-spring.de\/wp-content\/uploads\/2023\/09\/59C30C55-52FF-469A-A5EC-54F685338190-300x300.jpg 300w, http:\/\/wordpress.sventa-spring.de\/wp-content\/uploads\/2023\/09\/59C30C55-52FF-469A-A5EC-54F685338190-768x768.jpg 768w, http:\/\/wordpress.sventa-spring.de\/wp-content\/uploads\/2023\/09\/59C30C55-52FF-469A-A5EC-54F685338190-90x90.jpg 90w, http:\/\/wordpress.sventa-spring.de\/wp-content\/uploads\/2023\/09\/59C30C55-52FF-469A-A5EC-54F685338190-380x380.jpg 380w, http:\/\/wordpress.sventa-spring.de\/wp-content\/uploads\/2023\/09\/59C30C55-52FF-469A-A5EC-54F685338190.jpg 1080w\" sizes=\"auto, (max-width: 1024px) 100vw, 1024px\" \/><figcaption><strong>Free and Wild, wei\u00df-schwarz, reserviert<\/strong><\/figcaption><\/figure>\n\n\n\n<figure class=\"wp-block-image\"><img loading=\"lazy\" decoding=\"async\" width=\"1024\" height=\"1024\" src=\"http:\/\/wordpress.sventa-spring.de\/wp-content\/uploads\/2023\/09\/8445A63E-849D-40C3-A085-8BE66CDB9E08-1024x1024.jpg\" alt=\"\" class=\"wp-image-1029\" srcset=\"http:\/\/wordpress.sventa-spring.de\/wp-content\/uploads\/2023\/09\/8445A63E-849D-40C3-A085-8BE66CDB9E08-1024x1024.jpg 1024w, http:\/\/wordpress.sventa-spring.de\/wp-content\/uploads\/2023\/09\/8445A63E-849D-40C3-A085-8BE66CDB9E08-150x150.jpg 150w, http:\/\/wordpress.sventa-spring.de\/wp-content\/uploads\/2023\/09\/8445A63E-849D-40C3-A085-8BE66CDB9E08-300x300.jpg 300w, http:\/\/wordpress.sventa-spring.de\/wp-content\/uploads\/2023\/09\/8445A63E-849D-40C3-A085-8BE66CDB9E08-768x768.jpg 768w, http:\/\/wordpress.sventa-spring.de\/wp-content\/uploads\/2023\/09\/8445A63E-849D-40C3-A085-8BE66CDB9E08-90x90.jpg 90w, http:\/\/wordpress.sventa-spring.de\/wp-content\/uploads\/2023\/09\/8445A63E-849D-40C3-A085-8BE66CDB9E08-380x380.jpg 380w, http:\/\/wordpress.sventa-spring.de\/wp-content\/uploads\/2023\/09\/8445A63E-849D-40C3-A085-8BE66CDB9E08.jpg 1080w\" sizes=\"auto, (max-width: 1024px) 100vw, 1024px\" \/><figcaption><strong>Fast and Furious, wei\u00df-schwarz, Ohrplatte links, LUA, sucht noch seine Menschen<\/strong><br><\/figcaption><\/figure>\n\n\n\n<p class=\"has-text-color has-background has-very-dark-gray-color has-vivid-red-background-color\"><strong>H\u00fcndinnen<\/strong><\/p>\n\n\n\n<figure class=\"wp-block-image\"><img loading=\"lazy\" decoding=\"async\" width=\"1024\" height=\"1024\" src=\"http:\/\/wordpress.sventa-spring.de\/wp-content\/uploads\/2023\/09\/4CB5A2EB-0D7C-4F4A-8427-CE7A0EABED52-1024x1024.jpg\" alt=\"\" class=\"wp-image-1030\" srcset=\"http:\/\/wordpress.sventa-spring.de\/wp-content\/uploads\/2023\/09\/4CB5A2EB-0D7C-4F4A-8427-CE7A0EABED52-1024x1024.jpg 1024w, http:\/\/wordpress.sventa-spring.de\/wp-content\/uploads\/2023\/09\/4CB5A2EB-0D7C-4F4A-8427-CE7A0EABED52-150x150.jpg 150w, http:\/\/wordpress.sventa-spring.de\/wp-content\/uploads\/2023\/09\/4CB5A2EB-0D7C-4F4A-8427-CE7A0EABED52-300x300.jpg 300w, http:\/\/wordpress.sventa-spring.de\/wp-content\/uploads\/2023\/09\/4CB5A2EB-0D7C-4F4A-8427-CE7A0EABED52-768x768.jpg 768w, http:\/\/wordpress.sventa-spring.de\/wp-content\/uploads\/2023\/09\/4CB5A2EB-0D7C-4F4A-8427-CE7A0EABED52-90x90.jpg 90w, http:\/\/wordpress.sventa-spring.de\/wp-content\/uploads\/2023\/09\/4CB5A2EB-0D7C-4F4A-8427-CE7A0EABED52-380x380.jpg 380w, http:\/\/wordpress.sventa-spring.de\/wp-content\/uploads\/2023\/09\/4CB5A2EB-0D7C-4F4A-8427-CE7A0EABED52.jpg 1080w\" sizes=\"auto, (max-width: 1024px) 100vw, 1024px\" \/><figcaption><strong>Friendly Kiss, weiss-schwarz, sucht noch ihre Familie<\/strong><\/figcaption><\/figure>\n\n\n\n<figure class=\"wp-block-image\"><img loading=\"lazy\" decoding=\"async\" width=\"1024\" height=\"1024\" src=\"http:\/\/wordpress.sventa-spring.de\/wp-content\/uploads\/2023\/09\/6FF66889-A7E8-4FAB-9511-1CE578C197D5-1024x1024.jpg\" alt=\"\" class=\"wp-image-1031\" srcset=\"http:\/\/wordpress.sventa-spring.de\/wp-content\/uploads\/2023\/09\/6FF66889-A7E8-4FAB-9511-1CE578C197D5-1024x1024.jpg 1024w, http:\/\/wordpress.sventa-spring.de\/wp-content\/uploads\/2023\/09\/6FF66889-A7E8-4FAB-9511-1CE578C197D5-150x150.jpg 150w, http:\/\/wordpress.sventa-spring.de\/wp-content\/uploads\/2023\/09\/6FF66889-A7E8-4FAB-9511-1CE578C197D5-300x300.jpg 300w, http:\/\/wordpress.sventa-spring.de\/wp-content\/uploads\/2023\/09\/6FF66889-A7E8-4FAB-9511-1CE578C197D5-768x768.jpg 768w, http:\/\/wordpress.sventa-spring.de\/wp-content\/uploads\/2023\/09\/6FF66889-A7E8-4FAB-9511-1CE578C197D5-90x90.jpg 90w, http:\/\/wordpress.sventa-spring.de\/wp-content\/uploads\/2023\/09\/6FF66889-A7E8-4FAB-9511-1CE578C197D5-380x380.jpg 380w, http:\/\/wordpress.sventa-spring.de\/wp-content\/uploads\/2023\/09\/6FF66889-A7E8-4FAB-9511-1CE578C197D5.jpg 1080w\" sizes=\"auto, (max-width: 1024px) 100vw, 1024px\" \/><figcaption><strong>Flying Heart, wei\u00df-schwarz, sucht noch ihre Familie<\/strong><\/figcaption><\/figure>\n\n\n\n<figure class=\"wp-block-image\"><img loading=\"lazy\" decoding=\"async\" width=\"1024\" height=\"1024\" src=\"http:\/\/wordpress.sventa-spring.de\/wp-content\/uploads\/2023\/09\/326DAF74-E796-4D42-8059-A793395AC56E-1024x1024.jpg\" alt=\"\" class=\"wp-image-1032\" srcset=\"http:\/\/wordpress.sventa-spring.de\/wp-content\/uploads\/2023\/09\/326DAF74-E796-4D42-8059-A793395AC56E-1024x1024.jpg 1024w, http:\/\/wordpress.sventa-spring.de\/wp-content\/uploads\/2023\/09\/326DAF74-E796-4D42-8059-A793395AC56E-150x150.jpg 150w, http:\/\/wordpress.sventa-spring.de\/wp-content\/uploads\/2023\/09\/326DAF74-E796-4D42-8059-A793395AC56E-300x300.jpg 300w, http:\/\/wordpress.sventa-spring.de\/wp-content\/uploads\/2023\/09\/326DAF74-E796-4D42-8059-A793395AC56E-768x768.jpg 768w, http:\/\/wordpress.sventa-spring.de\/wp-content\/uploads\/2023\/09\/326DAF74-E796-4D42-8059-A793395AC56E-90x90.jpg 90w, http:\/\/wordpress.sventa-spring.de\/wp-content\/uploads\/2023\/09\/326DAF74-E796-4D42-8059-A793395AC56E-380x380.jpg 380w, http:\/\/wordpress.sventa-spring.de\/wp-content\/uploads\/2023\/09\/326DAF74-E796-4D42-8059-A793395AC56E.jpg 1080w\" sizes=\"auto, (max-width: 1024px) 100vw, 1024px\" \/><figcaption><strong>Fire in your Heart, wei\u00df-braun, reserviert<\/strong><\/figcaption><\/figure>\n\n\n\n<figure class=\"wp-block-image\"><img loading=\"lazy\" decoding=\"async\" width=\"1024\" height=\"1024\" src=\"http:\/\/wordpress.sventa-spring.de\/wp-content\/uploads\/2023\/09\/477FF8A5-B25F-4C58-BA5E-7FBE4CB167F0-1024x1024.jpg\" alt=\"\" class=\"wp-image-1033\" srcset=\"http:\/\/wordpress.sventa-spring.de\/wp-content\/uploads\/2023\/09\/477FF8A5-B25F-4C58-BA5E-7FBE4CB167F0-1024x1024.jpg 1024w, http:\/\/wordpress.sventa-spring.de\/wp-content\/uploads\/2023\/09\/477FF8A5-B25F-4C58-BA5E-7FBE4CB167F0-150x150.jpg 150w, http:\/\/wordpress.sventa-spring.de\/wp-content\/uploads\/2023\/09\/477FF8A5-B25F-4C58-BA5E-7FBE4CB167F0-300x300.jpg 300w, http:\/\/wordpress.sventa-spring.de\/wp-content\/uploads\/2023\/09\/477FF8A5-B25F-4C58-BA5E-7FBE4CB167F0-768x768.jpg 768w, http:\/\/wordpress.sventa-spring.de\/wp-content\/uploads\/2023\/09\/477FF8A5-B25F-4C58-BA5E-7FBE4CB167F0-90x90.jpg 90w, http:\/\/wordpress.sventa-spring.de\/wp-content\/uploads\/2023\/09\/477FF8A5-B25F-4C58-BA5E-7FBE4CB167F0-380x380.jpg 380w, http:\/\/wordpress.sventa-spring.de\/wp-content\/uploads\/2023\/09\/477FF8A5-B25F-4C58-BA5E-7FBE4CB167F0.jpg 1080w\" sizes=\"auto, (max-width: 1024px) 100vw, 1024px\" \/><figcaption><strong>Feel My Soul, wei\u00df-schwarz, Monokel, LUA, reserviert<\/strong><\/figcaption><\/figure>\n\n\n\n<figure class=\"wp-block-image\"><img loading=\"lazy\" decoding=\"async\" width=\"1024\" height=\"1024\" src=\"http:\/\/wordpress.sventa-spring.de\/wp-content\/uploads\/2023\/09\/4294E5C0-4B08-4D00-AFFF-6618DAED5F63-1024x1024.jpg\" alt=\"\" class=\"wp-image-1034\" srcset=\"http:\/\/wordpress.sventa-spring.de\/wp-content\/uploads\/2023\/09\/4294E5C0-4B08-4D00-AFFF-6618DAED5F63-1024x1024.jpg 1024w, http:\/\/wordpress.sventa-spring.de\/wp-content\/uploads\/2023\/09\/4294E5C0-4B08-4D00-AFFF-6618DAED5F63-150x150.jpg 150w, http:\/\/wordpress.sventa-spring.de\/wp-content\/uploads\/2023\/09\/4294E5C0-4B08-4D00-AFFF-6618DAED5F63-300x300.jpg 300w, http:\/\/wordpress.sventa-spring.de\/wp-content\/uploads\/2023\/09\/4294E5C0-4B08-4D00-AFFF-6618DAED5F63-768x768.jpg 768w, http:\/\/wordpress.sventa-spring.de\/wp-content\/uploads\/2023\/09\/4294E5C0-4B08-4D00-AFFF-6618DAED5F63-90x90.jpg 90w, http:\/\/wordpress.sventa-spring.de\/wp-content\/uploads\/2023\/09\/4294E5C0-4B08-4D00-AFFF-6618DAED5F63-380x380.jpg 380w, http:\/\/wordpress.sventa-spring.de\/wp-content\/uploads\/2023\/09\/4294E5C0-4B08-4D00-AFFF-6618DAED5F63.jpg 1080w\" sizes=\"auto, (max-width: 1024px) 100vw, 1024px\" \/><figcaption><strong>Forever Mine, wei\u00df-schwarz, bds. Ohrplatte, reserviert<\/strong><\/figcaption><\/figure>\n\n\n\n<figure class=\"wp-block-image\"><img loading=\"lazy\" decoding=\"async\" width=\"1024\" height=\"1024\" src=\"http:\/\/wordpress.sventa-spring.de\/wp-content\/uploads\/2023\/09\/9585ED63-44C8-43C7-AF29-CB6654C133A5-1024x1024.jpg\" alt=\"\" class=\"wp-image-1035\" srcset=\"http:\/\/wordpress.sventa-spring.de\/wp-content\/uploads\/2023\/09\/9585ED63-44C8-43C7-AF29-CB6654C133A5-1024x1024.jpg 1024w, http:\/\/wordpress.sventa-spring.de\/wp-content\/uploads\/2023\/09\/9585ED63-44C8-43C7-AF29-CB6654C133A5-150x150.jpg 150w, http:\/\/wordpress.sventa-spring.de\/wp-content\/uploads\/2023\/09\/9585ED63-44C8-43C7-AF29-CB6654C133A5-300x300.jpg 300w, http:\/\/wordpress.sventa-spring.de\/wp-content\/uploads\/2023\/09\/9585ED63-44C8-43C7-AF29-CB6654C133A5-768x768.jpg 768w, http:\/\/wordpress.sventa-spring.de\/wp-content\/uploads\/2023\/09\/9585ED63-44C8-43C7-AF29-CB6654C133A5-90x90.jpg 90w, http:\/\/wordpress.sventa-spring.de\/wp-content\/uploads\/2023\/09\/9585ED63-44C8-43C7-AF29-CB6654C133A5-380x380.jpg 380w, http:\/\/wordpress.sventa-spring.de\/wp-content\/uploads\/2023\/09\/9585ED63-44C8-43C7-AF29-CB6654C133A5.jpg 1080w\" sizes=\"auto, (max-width: 1024px) 100vw, 1024px\" \/><figcaption><strong>Faithful Friend for Life, wei\u00df-braun, Ohrplatte bds., LUA, reserviert<\/strong><br><br><\/figcaption><\/figure>\n","protected":false},"excerpt":{"rendered":"<p>Unsere Rasselbande hat sich toll entwickelt, daher gibt es diese Woche einmal Portr\u00e4ts mit Reservierungen. Namen werden sp\u00e4testens n\u00e4chste Woche ver\u00f6ffentlicht, denn wir feilen noch dran \ud83d\ude42 R\u00fcden H\u00fcndinnen<\/p>\n","protected":false},"author":1,"featured_media":0,"parent":0,"menu_order":0,"comment_status":"closed","ping_status":"closed","template":"","meta":{"footnotes":""},"class_list":["post-951","page","type-page","status-publish","hentry","without-featured-image"],"_links":{"self":[{"href":"http:\/\/wordpress.sventa-spring.de\/index.php?rest_route=\/wp\/v2\/pages\/951","targetHints":{"allow":["GET"]}}],"collection":[{"href":"http:\/\/wordpress.sventa-spring.de\/index.php?rest_route=\/wp\/v2\/pages"}],"about":[{"href":"http:\/\/wordpress.sventa-spring.de\/index.php?rest_route=\/wp\/v2\/types\/page"}],"author":[{"embeddable":true,"href":"http:\/\/wordpress.sventa-spring.de\/index.php?rest_route=\/wp\/v2\/users\/1"}],"replies":[{"embeddable":true,"href":"http:\/\/wordpress.sventa-spring.de\/index.php?rest_route=%2Fwp%2Fv2%2Fcomments&post=951"}],"version-history":[{"count":4,"href":"http:\/\/wordpress.sventa-spring.de\/index.php?rest_route=\/wp\/v2\/pages\/951\/revisions"}],"predecessor-version":[{"id":1062,"href":"http:\/\/wordpress.sventa-spring.de\/index.php?rest_route=\/wp\/v2\/pages\/951\/revisions\/1062"}],"wp:attachment":[{"href":"http:\/\/wordpress.sventa-spring.de\/index.php?rest_route=%2Fwp%2Fv2%2Fmedia&parent=951"}],"curies":[{"name":"wp","href":"https:\/\/api.w.org\/{rel}","templated":true}]}}