{"id":949,"date":"2023-07-29T09:50:19","date_gmt":"2023-07-29T08:50:19","guid":{"rendered":"http:\/\/wordpress.sventa-spring.de\/?page_id=949"},"modified":"2023-09-25T12:09:51","modified_gmt":"2023-09-25T11:09:51","slug":"f-wurf-3-woche","status":"publish","type":"page","link":"http:\/\/wordpress.sventa-spring.de\/?page_id=949","title":{"rendered":"F-Wurf \/ 3. Woche"},"content":{"rendered":"\n<p>Nun sind alle Augen endlich offen, das Geh\u00f6r funktioniert auch schon prima und die ersten Schritte werden gemacht. Wir sind mega gl\u00fccklich \u00fcber diesen tollen Wurf<\/p>\n\n\n\n<ul class=\"wp-block-gallery columns-3 is-cropped wp-block-gallery-1 is-layout-flex wp-block-gallery-is-layout-flex\"><li class=\"blocks-gallery-item\"><figure><img loading=\"lazy\" decoding=\"async\" width=\"1024\" height=\"680\" src=\"http:\/\/wordpress.sventa-spring.de\/wp-content\/uploads\/2023\/09\/DSC06841-1024x680.jpg\" alt=\"\" data-id=\"1038\" data-link=\"http:\/\/wordpress.sventa-spring.de\/?attachment_id=1038#main\" class=\"wp-image-1038\" srcset=\"http:\/\/wordpress.sventa-spring.de\/wp-content\/uploads\/2023\/09\/DSC06841-1024x680.jpg 1024w, http:\/\/wordpress.sventa-spring.de\/wp-content\/uploads\/2023\/09\/DSC06841-300x199.jpg 300w, http:\/\/wordpress.sventa-spring.de\/wp-content\/uploads\/2023\/09\/DSC06841-768x510.jpg 768w, http:\/\/wordpress.sventa-spring.de\/wp-content\/uploads\/2023\/09\/DSC06841-572x380.jpg 572w\" sizes=\"auto, (max-width: 1024px) 100vw, 1024px\" \/><\/figure><\/li><li class=\"blocks-gallery-item\"><figure><img loading=\"lazy\" decoding=\"async\" width=\"1024\" height=\"680\" src=\"http:\/\/wordpress.sventa-spring.de\/wp-content\/uploads\/2023\/09\/DSC06842-1024x680.jpg\" alt=\"\" data-id=\"1039\" data-link=\"http:\/\/wordpress.sventa-spring.de\/?attachment_id=1039#main\" class=\"wp-image-1039\" srcset=\"http:\/\/wordpress.sventa-spring.de\/wp-content\/uploads\/2023\/09\/DSC06842-1024x680.jpg 1024w, http:\/\/wordpress.sventa-spring.de\/wp-content\/uploads\/2023\/09\/DSC06842-300x199.jpg 300w, http:\/\/wordpress.sventa-spring.de\/wp-content\/uploads\/2023\/09\/DSC06842-768x510.jpg 768w, http:\/\/wordpress.sventa-spring.de\/wp-content\/uploads\/2023\/09\/DSC06842-572x380.jpg 572w\" sizes=\"auto, (max-width: 1024px) 100vw, 1024px\" \/><\/figure><\/li><li class=\"blocks-gallery-item\"><figure><img loading=\"lazy\" decoding=\"async\" width=\"1024\" height=\"680\" src=\"http:\/\/wordpress.sventa-spring.de\/wp-content\/uploads\/2023\/09\/DSC06857-1024x680.jpg\" alt=\"\" data-id=\"1040\" data-link=\"http:\/\/wordpress.sventa-spring.de\/?attachment_id=1040#main\" class=\"wp-image-1040\" srcset=\"http:\/\/wordpress.sventa-spring.de\/wp-content\/uploads\/2023\/09\/DSC06857-1024x680.jpg 1024w, http:\/\/wordpress.sventa-spring.de\/wp-content\/uploads\/2023\/09\/DSC06857-300x199.jpg 300w, http:\/\/wordpress.sventa-spring.de\/wp-content\/uploads\/2023\/09\/DSC06857-768x510.jpg 768w, http:\/\/wordpress.sventa-spring.de\/wp-content\/uploads\/2023\/09\/DSC06857-572x380.jpg 572w\" sizes=\"auto, (max-width: 1024px) 100vw, 1024px\" \/><\/figure><\/li><li class=\"blocks-gallery-item\"><figure><img loading=\"lazy\" decoding=\"async\" width=\"1024\" height=\"680\" src=\"http:\/\/wordpress.sventa-spring.de\/wp-content\/uploads\/2023\/09\/DSC06860-1024x680.jpg\" alt=\"\" data-id=\"1041\" data-link=\"http:\/\/wordpress.sventa-spring.de\/?attachment_id=1041#main\" class=\"wp-image-1041\" srcset=\"http:\/\/wordpress.sventa-spring.de\/wp-content\/uploads\/2023\/09\/DSC06860-1024x680.jpg 1024w, http:\/\/wordpress.sventa-spring.de\/wp-content\/uploads\/2023\/09\/DSC06860-300x199.jpg 300w, http:\/\/wordpress.sventa-spring.de\/wp-content\/uploads\/2023\/09\/DSC06860-768x510.jpg 768w, http:\/\/wordpress.sventa-spring.de\/wp-content\/uploads\/2023\/09\/DSC06860-572x380.jpg 572w\" sizes=\"auto, (max-width: 1024px) 100vw, 1024px\" \/><\/figure><\/li><li class=\"blocks-gallery-item\"><figure><img loading=\"lazy\" decoding=\"async\" width=\"1024\" height=\"680\" src=\"http:\/\/wordpress.sventa-spring.de\/wp-content\/uploads\/2023\/09\/DSC06866-1024x680.jpg\" alt=\"\" data-id=\"1042\" data-link=\"http:\/\/wordpress.sventa-spring.de\/?attachment_id=1042#main\" class=\"wp-image-1042\" srcset=\"http:\/\/wordpress.sventa-spring.de\/wp-content\/uploads\/2023\/09\/DSC06866-1024x680.jpg 1024w, http:\/\/wordpress.sventa-spring.de\/wp-content\/uploads\/2023\/09\/DSC06866-300x199.jpg 300w, http:\/\/wordpress.sventa-spring.de\/wp-content\/uploads\/2023\/09\/DSC06866-768x510.jpg 768w, http:\/\/wordpress.sventa-spring.de\/wp-content\/uploads\/2023\/09\/DSC06866-572x380.jpg 572w\" sizes=\"auto, (max-width: 1024px) 100vw, 1024px\" \/><\/figure><\/li><li class=\"blocks-gallery-item\"><figure><img loading=\"lazy\" decoding=\"async\" width=\"1024\" height=\"680\" src=\"http:\/\/wordpress.sventa-spring.de\/wp-content\/uploads\/2023\/09\/DSC06869-1024x680.jpg\" alt=\"\" data-id=\"1043\" data-link=\"http:\/\/wordpress.sventa-spring.de\/?attachment_id=1043#main\" class=\"wp-image-1043\" srcset=\"http:\/\/wordpress.sventa-spring.de\/wp-content\/uploads\/2023\/09\/DSC06869-1024x680.jpg 1024w, http:\/\/wordpress.sventa-spring.de\/wp-content\/uploads\/2023\/09\/DSC06869-300x199.jpg 300w, http:\/\/wordpress.sventa-spring.de\/wp-content\/uploads\/2023\/09\/DSC06869-768x510.jpg 768w, http:\/\/wordpress.sventa-spring.de\/wp-content\/uploads\/2023\/09\/DSC06869-572x380.jpg 572w\" sizes=\"auto, (max-width: 1024px) 100vw, 1024px\" \/><\/figure><\/li><li class=\"blocks-gallery-item\"><figure><img loading=\"lazy\" decoding=\"async\" width=\"1024\" height=\"680\" src=\"http:\/\/wordpress.sventa-spring.de\/wp-content\/uploads\/2023\/09\/DSC06872-1024x680.jpg\" alt=\"\" data-id=\"1044\" data-link=\"http:\/\/wordpress.sventa-spring.de\/?attachment_id=1044#main\" class=\"wp-image-1044\" srcset=\"http:\/\/wordpress.sventa-spring.de\/wp-content\/uploads\/2023\/09\/DSC06872-1024x680.jpg 1024w, http:\/\/wordpress.sventa-spring.de\/wp-content\/uploads\/2023\/09\/DSC06872-300x199.jpg 300w, http:\/\/wordpress.sventa-spring.de\/wp-content\/uploads\/2023\/09\/DSC06872-768x510.jpg 768w, http:\/\/wordpress.sventa-spring.de\/wp-content\/uploads\/2023\/09\/DSC06872-572x380.jpg 572w\" sizes=\"auto, (max-width: 1024px) 100vw, 1024px\" \/><\/figure><\/li><li class=\"blocks-gallery-item\"><figure><img loading=\"lazy\" decoding=\"async\" width=\"1024\" height=\"680\" src=\"http:\/\/wordpress.sventa-spring.de\/wp-content\/uploads\/2023\/09\/DSC06882-1024x680.jpg\" alt=\"\" data-id=\"1045\" data-link=\"http:\/\/wordpress.sventa-spring.de\/?attachment_id=1045#main\" class=\"wp-image-1045\" srcset=\"http:\/\/wordpress.sventa-spring.de\/wp-content\/uploads\/2023\/09\/DSC06882-1024x680.jpg 1024w, http:\/\/wordpress.sventa-spring.de\/wp-content\/uploads\/2023\/09\/DSC06882-300x199.jpg 300w, http:\/\/wordpress.sventa-spring.de\/wp-content\/uploads\/2023\/09\/DSC06882-768x510.jpg 768w, http:\/\/wordpress.sventa-spring.de\/wp-content\/uploads\/2023\/09\/DSC06882-572x380.jpg 572w\" sizes=\"auto, (max-width: 1024px) 100vw, 1024px\" \/><\/figure><\/li><li class=\"blocks-gallery-item\"><figure><img loading=\"lazy\" decoding=\"async\" width=\"1024\" height=\"680\" src=\"http:\/\/wordpress.sventa-spring.de\/wp-content\/uploads\/2023\/09\/DSC06886-1024x680.jpg\" alt=\"\" data-id=\"1046\" data-link=\"http:\/\/wordpress.sventa-spring.de\/?attachment_id=1046#main\" class=\"wp-image-1046\" srcset=\"http:\/\/wordpress.sventa-spring.de\/wp-content\/uploads\/2023\/09\/DSC06886-1024x680.jpg 1024w, http:\/\/wordpress.sventa-spring.de\/wp-content\/uploads\/2023\/09\/DSC06886-300x199.jpg 300w, http:\/\/wordpress.sventa-spring.de\/wp-content\/uploads\/2023\/09\/DSC06886-768x510.jpg 768w, http:\/\/wordpress.sventa-spring.de\/wp-content\/uploads\/2023\/09\/DSC06886-572x380.jpg 572w\" sizes=\"auto, (max-width: 1024px) 100vw, 1024px\" \/><\/figure><\/li><li class=\"blocks-gallery-item\"><figure><img loading=\"lazy\" decoding=\"async\" width=\"1024\" height=\"680\" src=\"http:\/\/wordpress.sventa-spring.de\/wp-content\/uploads\/2023\/09\/DSC06888-1024x680.jpg\" alt=\"\" data-id=\"1047\" data-link=\"http:\/\/wordpress.sventa-spring.de\/?attachment_id=1047#main\" class=\"wp-image-1047\" srcset=\"http:\/\/wordpress.sventa-spring.de\/wp-content\/uploads\/2023\/09\/DSC06888-1024x680.jpg 1024w, http:\/\/wordpress.sventa-spring.de\/wp-content\/uploads\/2023\/09\/DSC06888-300x199.jpg 300w, http:\/\/wordpress.sventa-spring.de\/wp-content\/uploads\/2023\/09\/DSC06888-768x510.jpg 768w, http:\/\/wordpress.sventa-spring.de\/wp-content\/uploads\/2023\/09\/DSC06888-572x380.jpg 572w\" sizes=\"auto, (max-width: 1024px) 100vw, 1024px\" \/><\/figure><\/li><li class=\"blocks-gallery-item\"><figure><img loading=\"lazy\" decoding=\"async\" width=\"1024\" height=\"680\" src=\"http:\/\/wordpress.sventa-spring.de\/wp-content\/uploads\/2023\/09\/DSC06892-1024x680.jpg\" alt=\"\" data-id=\"1048\" data-link=\"http:\/\/wordpress.sventa-spring.de\/?attachment_id=1048#main\" class=\"wp-image-1048\" srcset=\"http:\/\/wordpress.sventa-spring.de\/wp-content\/uploads\/2023\/09\/DSC06892-1024x680.jpg 1024w, http:\/\/wordpress.sventa-spring.de\/wp-content\/uploads\/2023\/09\/DSC06892-300x199.jpg 300w, http:\/\/wordpress.sventa-spring.de\/wp-content\/uploads\/2023\/09\/DSC06892-768x510.jpg 768w, http:\/\/wordpress.sventa-spring.de\/wp-content\/uploads\/2023\/09\/DSC06892-572x380.jpg 572w\" sizes=\"auto, (max-width: 1024px) 100vw, 1024px\" \/><\/figure><\/li><li class=\"blocks-gallery-item\"><figure><img loading=\"lazy\" decoding=\"async\" width=\"1024\" height=\"680\" src=\"http:\/\/wordpress.sventa-spring.de\/wp-content\/uploads\/2023\/09\/DSC06901-1024x680.jpg\" alt=\"\" data-id=\"1049\" data-link=\"http:\/\/wordpress.sventa-spring.de\/?attachment_id=1049#main\" class=\"wp-image-1049\" srcset=\"http:\/\/wordpress.sventa-spring.de\/wp-content\/uploads\/2023\/09\/DSC06901-1024x680.jpg 1024w, http:\/\/wordpress.sventa-spring.de\/wp-content\/uploads\/2023\/09\/DSC06901-300x199.jpg 300w, http:\/\/wordpress.sventa-spring.de\/wp-content\/uploads\/2023\/09\/DSC06901-768x510.jpg 768w, http:\/\/wordpress.sventa-spring.de\/wp-content\/uploads\/2023\/09\/DSC06901-572x380.jpg 572w\" sizes=\"auto, (max-width: 1024px) 100vw, 1024px\" \/><\/figure><\/li><li class=\"blocks-gallery-item\"><figure><img loading=\"lazy\" decoding=\"async\" width=\"1024\" height=\"680\" src=\"http:\/\/wordpress.sventa-spring.de\/wp-content\/uploads\/2023\/09\/DSC06903-1024x680.jpg\" alt=\"\" data-id=\"1050\" data-link=\"http:\/\/wordpress.sventa-spring.de\/?attachment_id=1050#main\" class=\"wp-image-1050\" srcset=\"http:\/\/wordpress.sventa-spring.de\/wp-content\/uploads\/2023\/09\/DSC06903-1024x680.jpg 1024w, http:\/\/wordpress.sventa-spring.de\/wp-content\/uploads\/2023\/09\/DSC06903-300x199.jpg 300w, http:\/\/wordpress.sventa-spring.de\/wp-content\/uploads\/2023\/09\/DSC06903-768x510.jpg 768w, http:\/\/wordpress.sventa-spring.de\/wp-content\/uploads\/2023\/09\/DSC06903-572x380.jpg 572w\" sizes=\"auto, (max-width: 1024px) 100vw, 1024px\" \/><\/figure><\/li><li class=\"blocks-gallery-item\"><figure><img loading=\"lazy\" decoding=\"async\" width=\"1024\" height=\"680\" src=\"http:\/\/wordpress.sventa-spring.de\/wp-content\/uploads\/2023\/09\/DSC06904-1024x680.jpg\" alt=\"\" data-id=\"1051\" data-link=\"http:\/\/wordpress.sventa-spring.de\/?attachment_id=1051#main\" class=\"wp-image-1051\" srcset=\"http:\/\/wordpress.sventa-spring.de\/wp-content\/uploads\/2023\/09\/DSC06904-1024x680.jpg 1024w, http:\/\/wordpress.sventa-spring.de\/wp-content\/uploads\/2023\/09\/DSC06904-300x199.jpg 300w, http:\/\/wordpress.sventa-spring.de\/wp-content\/uploads\/2023\/09\/DSC06904-768x510.jpg 768w, http:\/\/wordpress.sventa-spring.de\/wp-content\/uploads\/2023\/09\/DSC06904-572x380.jpg 572w\" sizes=\"auto, (max-width: 1024px) 100vw, 1024px\" \/><\/figure><\/li><li class=\"blocks-gallery-item\"><figure><img loading=\"lazy\" decoding=\"async\" width=\"1024\" height=\"680\" src=\"http:\/\/wordpress.sventa-spring.de\/wp-content\/uploads\/2023\/09\/DSC06909-1024x680.jpg\" alt=\"\" data-id=\"1052\" data-link=\"http:\/\/wordpress.sventa-spring.de\/?attachment_id=1052#main\" class=\"wp-image-1052\" srcset=\"http:\/\/wordpress.sventa-spring.de\/wp-content\/uploads\/2023\/09\/DSC06909-1024x680.jpg 1024w, http:\/\/wordpress.sventa-spring.de\/wp-content\/uploads\/2023\/09\/DSC06909-300x199.jpg 300w, http:\/\/wordpress.sventa-spring.de\/wp-content\/uploads\/2023\/09\/DSC06909-768x510.jpg 768w, http:\/\/wordpress.sventa-spring.de\/wp-content\/uploads\/2023\/09\/DSC06909-572x380.jpg 572w\" sizes=\"auto, (max-width: 1024px) 100vw, 1024px\" \/><\/figure><\/li><li class=\"blocks-gallery-item\"><figure><img loading=\"lazy\" decoding=\"async\" width=\"1024\" height=\"680\" src=\"http:\/\/wordpress.sventa-spring.de\/wp-content\/uploads\/2023\/09\/DSC06912-1024x680.jpg\" alt=\"\" data-id=\"1053\" data-link=\"http:\/\/wordpress.sventa-spring.de\/?attachment_id=1053#main\" class=\"wp-image-1053\" srcset=\"http:\/\/wordpress.sventa-spring.de\/wp-content\/uploads\/2023\/09\/DSC06912-1024x680.jpg 1024w, http:\/\/wordpress.sventa-spring.de\/wp-content\/uploads\/2023\/09\/DSC06912-300x199.jpg 300w, http:\/\/wordpress.sventa-spring.de\/wp-content\/uploads\/2023\/09\/DSC06912-768x510.jpg 768w, http:\/\/wordpress.sventa-spring.de\/wp-content\/uploads\/2023\/09\/DSC06912-572x380.jpg 572w\" sizes=\"auto, (max-width: 1024px) 100vw, 1024px\" \/><\/figure><\/li><li class=\"blocks-gallery-item\"><figure><img loading=\"lazy\" decoding=\"async\" width=\"1024\" height=\"680\" src=\"http:\/\/wordpress.sventa-spring.de\/wp-content\/uploads\/2023\/09\/DSC06922-1024x680.jpg\" alt=\"\" data-id=\"1054\" data-link=\"http:\/\/wordpress.sventa-spring.de\/?attachment_id=1054#main\" class=\"wp-image-1054\" srcset=\"http:\/\/wordpress.sventa-spring.de\/wp-content\/uploads\/2023\/09\/DSC06922-1024x680.jpg 1024w, http:\/\/wordpress.sventa-spring.de\/wp-content\/uploads\/2023\/09\/DSC06922-300x199.jpg 300w, http:\/\/wordpress.sventa-spring.de\/wp-content\/uploads\/2023\/09\/DSC06922-768x510.jpg 768w, http:\/\/wordpress.sventa-spring.de\/wp-content\/uploads\/2023\/09\/DSC06922-572x380.jpg 572w\" sizes=\"auto, (max-width: 1024px) 100vw, 1024px\" \/><\/figure><\/li><li class=\"blocks-gallery-item\"><figure><img decoding=\"async\" src=\"blob:http:\/\/wordpress.sventa-spring.de\/abcb524e-6405-48b7-8f8e-ad253271f8dc\"\/><\/figure><\/li><\/ul>\n","protected":false},"excerpt":{"rendered":"<p>Nun sind alle Augen endlich offen, das Geh\u00f6r funktioniert auch schon prima und die ersten Schritte werden gemacht. Wir sind mega gl\u00fccklich \u00fcber diesen tollen Wurf<\/p>\n","protected":false},"author":1,"featured_media":0,"parent":0,"menu_order":0,"comment_status":"closed","ping_status":"closed","template":"","meta":{"footnotes":""},"class_list":["post-949","page","type-page","status-publish","hentry","without-featured-image"],"_links":{"self":[{"href":"http:\/\/wordpress.sventa-spring.de\/index.php?rest_route=\/wp\/v2\/pages\/949","targetHints":{"allow":["GET"]}}],"collection":[{"href":"http:\/\/wordpress.sventa-spring.de\/index.php?rest_route=\/wp\/v2\/pages"}],"about":[{"href":"http:\/\/wordpress.sventa-spring.de\/index.php?rest_route=\/wp\/v2\/types\/page"}],"author":[{"embeddable":true,"href":"http:\/\/wordpress.sventa-spring.de\/index.php?rest_route=\/wp\/v2\/users\/1"}],"replies":[{"embeddable":true,"href":"http:\/\/wordpress.sventa-spring.de\/index.php?rest_route=%2Fwp%2Fv2%2Fcomments&post=949"}],"version-history":[{"count":3,"href":"http:\/\/wordpress.sventa-spring.de\/index.php?rest_route=\/wp\/v2\/pages\/949\/revisions"}],"predecessor-version":[{"id":1056,"href":"http:\/\/wordpress.sventa-spring.de\/index.php?rest_route=\/wp\/v2\/pages\/949\/revisions\/1056"}],"wp:attachment":[{"href":"http:\/\/wordpress.sventa-spring.de\/index.php?rest_route=%2Fwp%2Fv2%2Fmedia&parent=949"}],"curies":[{"name":"wp","href":"https:\/\/api.w.org\/{rel}","templated":true}]}}