{"id":945,"date":"2023-07-29T09:49:36","date_gmt":"2023-07-29T08:49:36","guid":{"rendered":"http:\/\/wordpress.sventa-spring.de\/?page_id=945"},"modified":"2023-09-11T13:43:40","modified_gmt":"2023-09-11T12:43:40","slug":"f-wurf-1-woche","status":"publish","type":"page","link":"http:\/\/wordpress.sventa-spring.de\/?page_id=945","title":{"rendered":"F-Wurf \/ 1. Woche"},"content":{"rendered":"\n<p>In der Nacht vom 29.8. zum 30.8. war es nun endlich soweit und Mika schenkte 9 s\u00fc\u00dfen Fleckenzwergen das Leben.<\/p>\n\n\n\n<p>Verpaarung:<\/p>\n\n\n\n<p>Dreams Come True of Sventa Spring x Hugo vom Hause Fiedanu<\/p>\n\n\n\n<p>(Call Me Lilu of Sventa Spring x Orions Belt Classy Clipper; Cira vom Hause Fiedanu x Caprilli\u00b4s Just in Time)<\/p>\n\n\n\n<p>Es sind 6 H\u00fcndinnen und 3 R\u00fcden. 2 H\u00fcndinnen sind wei\u00df-braun, davon hat eine eine wundersch\u00f6ne Ohrplatte. Auch bei den schwarz gefleckten haben wir wundersch\u00f6n verteilte Platten. Bei den R\u00fcden eine Kopfohrplatte und eine Kopfohrplatte mit Monokel und bei den H\u00fcndinnen eine beidseitige Ohrplatte und ein Halbmonokel.<\/p>\n\n\n\n<p>Mika und den Zwergen geht es pr\u00e4chtig und wir freuen uns auf die kommende Zeit.<\/p>\n\n\n\n<ul class=\"wp-block-gallery columns-2 is-cropped wp-block-gallery-1 is-layout-flex wp-block-gallery-is-layout-flex\"><li class=\"blocks-gallery-item\"><figure><a href=\"http:\/\/wordpress.sventa-spring.de\/wp-content\/uploads\/2023\/09\/DSC_0686-1024x685.jpg\"><img loading=\"lazy\" decoding=\"async\" width=\"1024\" height=\"685\" src=\"http:\/\/wordpress.sventa-spring.de\/wp-content\/uploads\/2023\/09\/DSC_0686-1024x685.jpg\" alt=\"\" data-id=\"983\" data-link=\"http:\/\/wordpress.sventa-spring.de\/?attachment_id=983#main\" class=\"wp-image-983\" srcset=\"http:\/\/wordpress.sventa-spring.de\/wp-content\/uploads\/2023\/09\/DSC_0686-1024x685.jpg 1024w, http:\/\/wordpress.sventa-spring.de\/wp-content\/uploads\/2023\/09\/DSC_0686-300x201.jpg 300w, http:\/\/wordpress.sventa-spring.de\/wp-content\/uploads\/2023\/09\/DSC_0686-768x514.jpg 768w, http:\/\/wordpress.sventa-spring.de\/wp-content\/uploads\/2023\/09\/DSC_0686-360x242.jpg 360w, http:\/\/wordpress.sventa-spring.de\/wp-content\/uploads\/2023\/09\/DSC_0686-568x380.jpg 568w\" sizes=\"auto, (max-width: 1024px) 100vw, 1024px\" \/><\/a><\/figure><\/li><li class=\"blocks-gallery-item\"><figure><a href=\"http:\/\/wordpress.sventa-spring.de\/wp-content\/uploads\/2023\/09\/DSC_0691-1024x685.jpg\"><img loading=\"lazy\" decoding=\"async\" width=\"1024\" height=\"685\" src=\"http:\/\/wordpress.sventa-spring.de\/wp-content\/uploads\/2023\/09\/DSC_0691-1024x685.jpg\" alt=\"\" data-id=\"984\" data-link=\"http:\/\/wordpress.sventa-spring.de\/?attachment_id=984#main\" class=\"wp-image-984\" srcset=\"http:\/\/wordpress.sventa-spring.de\/wp-content\/uploads\/2023\/09\/DSC_0691-1024x685.jpg 1024w, http:\/\/wordpress.sventa-spring.de\/wp-content\/uploads\/2023\/09\/DSC_0691-300x201.jpg 300w, http:\/\/wordpress.sventa-spring.de\/wp-content\/uploads\/2023\/09\/DSC_0691-768x514.jpg 768w, http:\/\/wordpress.sventa-spring.de\/wp-content\/uploads\/2023\/09\/DSC_0691-360x242.jpg 360w, http:\/\/wordpress.sventa-spring.de\/wp-content\/uploads\/2023\/09\/DSC_0691-568x380.jpg 568w\" sizes=\"auto, (max-width: 1024px) 100vw, 1024px\" \/><\/a><\/figure><\/li><li class=\"blocks-gallery-item\"><figure><a href=\"http:\/\/wordpress.sventa-spring.de\/wp-content\/uploads\/2023\/09\/DSC_0694-1024x685.jpg\"><img loading=\"lazy\" decoding=\"async\" width=\"1024\" height=\"685\" src=\"http:\/\/wordpress.sventa-spring.de\/wp-content\/uploads\/2023\/09\/DSC_0694-1024x685.jpg\" alt=\"\" data-id=\"985\" data-link=\"http:\/\/wordpress.sventa-spring.de\/?attachment_id=985#main\" class=\"wp-image-985\" srcset=\"http:\/\/wordpress.sventa-spring.de\/wp-content\/uploads\/2023\/09\/DSC_0694-1024x685.jpg 1024w, http:\/\/wordpress.sventa-spring.de\/wp-content\/uploads\/2023\/09\/DSC_0694-300x201.jpg 300w, http:\/\/wordpress.sventa-spring.de\/wp-content\/uploads\/2023\/09\/DSC_0694-768x514.jpg 768w, http:\/\/wordpress.sventa-spring.de\/wp-content\/uploads\/2023\/09\/DSC_0694-360x242.jpg 360w, http:\/\/wordpress.sventa-spring.de\/wp-content\/uploads\/2023\/09\/DSC_0694-568x380.jpg 568w\" sizes=\"auto, (max-width: 1024px) 100vw, 1024px\" \/><\/a><\/figure><\/li><li class=\"blocks-gallery-item\"><figure><a href=\"http:\/\/wordpress.sventa-spring.de\/wp-content\/uploads\/2023\/09\/DSC_0695-1024x685.jpg\"><img loading=\"lazy\" decoding=\"async\" width=\"1024\" height=\"685\" src=\"http:\/\/wordpress.sventa-spring.de\/wp-content\/uploads\/2023\/09\/DSC_0695-1024x685.jpg\" alt=\"\" data-id=\"986\" data-link=\"http:\/\/wordpress.sventa-spring.de\/?attachment_id=986#main\" class=\"wp-image-986\" srcset=\"http:\/\/wordpress.sventa-spring.de\/wp-content\/uploads\/2023\/09\/DSC_0695-1024x685.jpg 1024w, http:\/\/wordpress.sventa-spring.de\/wp-content\/uploads\/2023\/09\/DSC_0695-300x201.jpg 300w, http:\/\/wordpress.sventa-spring.de\/wp-content\/uploads\/2023\/09\/DSC_0695-768x514.jpg 768w, http:\/\/wordpress.sventa-spring.de\/wp-content\/uploads\/2023\/09\/DSC_0695-360x242.jpg 360w, http:\/\/wordpress.sventa-spring.de\/wp-content\/uploads\/2023\/09\/DSC_0695-568x380.jpg 568w\" sizes=\"auto, (max-width: 1024px) 100vw, 1024px\" \/><\/a><\/figure><\/li><li class=\"blocks-gallery-item\"><figure><a href=\"http:\/\/wordpress.sventa-spring.de\/wp-content\/uploads\/2023\/09\/DSC_0698-1024x685.jpg\"><img loading=\"lazy\" decoding=\"async\" width=\"1024\" height=\"685\" src=\"http:\/\/wordpress.sventa-spring.de\/wp-content\/uploads\/2023\/09\/DSC_0698-1024x685.jpg\" alt=\"\" data-id=\"987\" data-link=\"http:\/\/wordpress.sventa-spring.de\/?attachment_id=987#main\" class=\"wp-image-987\" srcset=\"http:\/\/wordpress.sventa-spring.de\/wp-content\/uploads\/2023\/09\/DSC_0698-1024x685.jpg 1024w, http:\/\/wordpress.sventa-spring.de\/wp-content\/uploads\/2023\/09\/DSC_0698-300x201.jpg 300w, http:\/\/wordpress.sventa-spring.de\/wp-content\/uploads\/2023\/09\/DSC_0698-768x514.jpg 768w, http:\/\/wordpress.sventa-spring.de\/wp-content\/uploads\/2023\/09\/DSC_0698-360x242.jpg 360w, http:\/\/wordpress.sventa-spring.de\/wp-content\/uploads\/2023\/09\/DSC_0698-568x380.jpg 568w\" sizes=\"auto, (max-width: 1024px) 100vw, 1024px\" \/><\/a><\/figure><\/li><li class=\"blocks-gallery-item\"><figure><a href=\"http:\/\/wordpress.sventa-spring.de\/wp-content\/uploads\/2023\/09\/DSC_0699-1024x685.jpg\"><img loading=\"lazy\" decoding=\"async\" width=\"1024\" height=\"685\" src=\"http:\/\/wordpress.sventa-spring.de\/wp-content\/uploads\/2023\/09\/DSC_0699-1024x685.jpg\" alt=\"\" data-id=\"988\" data-link=\"http:\/\/wordpress.sventa-spring.de\/?attachment_id=988#main\" class=\"wp-image-988\" srcset=\"http:\/\/wordpress.sventa-spring.de\/wp-content\/uploads\/2023\/09\/DSC_0699-1024x685.jpg 1024w, http:\/\/wordpress.sventa-spring.de\/wp-content\/uploads\/2023\/09\/DSC_0699-300x201.jpg 300w, http:\/\/wordpress.sventa-spring.de\/wp-content\/uploads\/2023\/09\/DSC_0699-768x514.jpg 768w, http:\/\/wordpress.sventa-spring.de\/wp-content\/uploads\/2023\/09\/DSC_0699-360x242.jpg 360w, http:\/\/wordpress.sventa-spring.de\/wp-content\/uploads\/2023\/09\/DSC_0699-568x380.jpg 568w\" sizes=\"auto, (max-width: 1024px) 100vw, 1024px\" \/><\/a><\/figure><\/li><li class=\"blocks-gallery-item\"><figure><a href=\"http:\/\/wordpress.sventa-spring.de\/wp-content\/uploads\/2023\/09\/DSC_0701-1024x685.jpg\"><img loading=\"lazy\" decoding=\"async\" width=\"1024\" height=\"685\" src=\"http:\/\/wordpress.sventa-spring.de\/wp-content\/uploads\/2023\/09\/DSC_0701-1024x685.jpg\" alt=\"\" data-id=\"989\" data-link=\"http:\/\/wordpress.sventa-spring.de\/?attachment_id=989#main\" class=\"wp-image-989\" srcset=\"http:\/\/wordpress.sventa-spring.de\/wp-content\/uploads\/2023\/09\/DSC_0701-1024x685.jpg 1024w, http:\/\/wordpress.sventa-spring.de\/wp-content\/uploads\/2023\/09\/DSC_0701-300x201.jpg 300w, http:\/\/wordpress.sventa-spring.de\/wp-content\/uploads\/2023\/09\/DSC_0701-768x514.jpg 768w, http:\/\/wordpress.sventa-spring.de\/wp-content\/uploads\/2023\/09\/DSC_0701-360x242.jpg 360w, http:\/\/wordpress.sventa-spring.de\/wp-content\/uploads\/2023\/09\/DSC_0701-568x380.jpg 568w\" sizes=\"auto, (max-width: 1024px) 100vw, 1024px\" \/><\/a><\/figure><\/li><li class=\"blocks-gallery-item\"><figure><a href=\"http:\/\/wordpress.sventa-spring.de\/wp-content\/uploads\/2023\/09\/DSC_0703-1024x685.jpg\"><img loading=\"lazy\" decoding=\"async\" width=\"1024\" height=\"685\" src=\"http:\/\/wordpress.sventa-spring.de\/wp-content\/uploads\/2023\/09\/DSC_0703-1024x685.jpg\" alt=\"\" data-id=\"990\" data-link=\"http:\/\/wordpress.sventa-spring.de\/?attachment_id=990#main\" class=\"wp-image-990\" srcset=\"http:\/\/wordpress.sventa-spring.de\/wp-content\/uploads\/2023\/09\/DSC_0703-1024x685.jpg 1024w, http:\/\/wordpress.sventa-spring.de\/wp-content\/uploads\/2023\/09\/DSC_0703-300x201.jpg 300w, http:\/\/wordpress.sventa-spring.de\/wp-content\/uploads\/2023\/09\/DSC_0703-768x514.jpg 768w, http:\/\/wordpress.sventa-spring.de\/wp-content\/uploads\/2023\/09\/DSC_0703-360x242.jpg 360w, http:\/\/wordpress.sventa-spring.de\/wp-content\/uploads\/2023\/09\/DSC_0703-568x380.jpg 568w\" sizes=\"auto, (max-width: 1024px) 100vw, 1024px\" \/><\/a><\/figure><\/li><li class=\"blocks-gallery-item\"><figure><a href=\"http:\/\/wordpress.sventa-spring.de\/wp-content\/uploads\/2023\/09\/DSC_0707-1024x685.jpg\"><img loading=\"lazy\" decoding=\"async\" width=\"1024\" height=\"685\" src=\"http:\/\/wordpress.sventa-spring.de\/wp-content\/uploads\/2023\/09\/DSC_0707-1024x685.jpg\" alt=\"\" data-id=\"991\" data-link=\"http:\/\/wordpress.sventa-spring.de\/?attachment_id=991#main\" class=\"wp-image-991\" srcset=\"http:\/\/wordpress.sventa-spring.de\/wp-content\/uploads\/2023\/09\/DSC_0707-1024x685.jpg 1024w, http:\/\/wordpress.sventa-spring.de\/wp-content\/uploads\/2023\/09\/DSC_0707-300x201.jpg 300w, http:\/\/wordpress.sventa-spring.de\/wp-content\/uploads\/2023\/09\/DSC_0707-768x514.jpg 768w, http:\/\/wordpress.sventa-spring.de\/wp-content\/uploads\/2023\/09\/DSC_0707-360x242.jpg 360w, http:\/\/wordpress.sventa-spring.de\/wp-content\/uploads\/2023\/09\/DSC_0707-568x380.jpg 568w\" sizes=\"auto, (max-width: 1024px) 100vw, 1024px\" \/><\/a><\/figure><\/li><li class=\"blocks-gallery-item\"><figure><a href=\"http:\/\/wordpress.sventa-spring.de\/wp-content\/uploads\/2023\/09\/DSC_0709-1024x685.jpg\"><img loading=\"lazy\" decoding=\"async\" width=\"1024\" height=\"685\" src=\"http:\/\/wordpress.sventa-spring.de\/wp-content\/uploads\/2023\/09\/DSC_0709-1024x685.jpg\" alt=\"\" data-id=\"992\" data-link=\"http:\/\/wordpress.sventa-spring.de\/?attachment_id=992#main\" class=\"wp-image-992\" srcset=\"http:\/\/wordpress.sventa-spring.de\/wp-content\/uploads\/2023\/09\/DSC_0709-1024x685.jpg 1024w, http:\/\/wordpress.sventa-spring.de\/wp-content\/uploads\/2023\/09\/DSC_0709-300x201.jpg 300w, http:\/\/wordpress.sventa-spring.de\/wp-content\/uploads\/2023\/09\/DSC_0709-768x514.jpg 768w, http:\/\/wordpress.sventa-spring.de\/wp-content\/uploads\/2023\/09\/DSC_0709-360x242.jpg 360w, http:\/\/wordpress.sventa-spring.de\/wp-content\/uploads\/2023\/09\/DSC_0709-568x380.jpg 568w\" sizes=\"auto, (max-width: 1024px) 100vw, 1024px\" \/><\/a><\/figure><\/li><li class=\"blocks-gallery-item\"><figure><a href=\"http:\/\/wordpress.sventa-spring.de\/wp-content\/uploads\/2023\/09\/DSC_0711-1024x685.jpg\"><img loading=\"lazy\" decoding=\"async\" width=\"1024\" height=\"685\" src=\"http:\/\/wordpress.sventa-spring.de\/wp-content\/uploads\/2023\/09\/DSC_0711-1024x685.jpg\" alt=\"\" data-id=\"993\" data-link=\"http:\/\/wordpress.sventa-spring.de\/?attachment_id=993#main\" class=\"wp-image-993\" srcset=\"http:\/\/wordpress.sventa-spring.de\/wp-content\/uploads\/2023\/09\/DSC_0711-1024x685.jpg 1024w, http:\/\/wordpress.sventa-spring.de\/wp-content\/uploads\/2023\/09\/DSC_0711-300x201.jpg 300w, http:\/\/wordpress.sventa-spring.de\/wp-content\/uploads\/2023\/09\/DSC_0711-768x514.jpg 768w, http:\/\/wordpress.sventa-spring.de\/wp-content\/uploads\/2023\/09\/DSC_0711-360x242.jpg 360w, http:\/\/wordpress.sventa-spring.de\/wp-content\/uploads\/2023\/09\/DSC_0711-568x380.jpg 568w\" sizes=\"auto, (max-width: 1024px) 100vw, 1024px\" \/><\/a><\/figure><\/li><li class=\"blocks-gallery-item\"><figure><a href=\"http:\/\/wordpress.sventa-spring.de\/wp-content\/uploads\/2023\/09\/DSC_0715-1024x685.jpg\"><img loading=\"lazy\" decoding=\"async\" width=\"1024\" height=\"685\" src=\"http:\/\/wordpress.sventa-spring.de\/wp-content\/uploads\/2023\/09\/DSC_0715-1024x685.jpg\" alt=\"\" data-id=\"994\" data-link=\"http:\/\/wordpress.sventa-spring.de\/?attachment_id=994#main\" class=\"wp-image-994\" srcset=\"http:\/\/wordpress.sventa-spring.de\/wp-content\/uploads\/2023\/09\/DSC_0715-1024x685.jpg 1024w, http:\/\/wordpress.sventa-spring.de\/wp-content\/uploads\/2023\/09\/DSC_0715-300x201.jpg 300w, http:\/\/wordpress.sventa-spring.de\/wp-content\/uploads\/2023\/09\/DSC_0715-768x514.jpg 768w, http:\/\/wordpress.sventa-spring.de\/wp-content\/uploads\/2023\/09\/DSC_0715-360x242.jpg 360w, http:\/\/wordpress.sventa-spring.de\/wp-content\/uploads\/2023\/09\/DSC_0715-568x380.jpg 568w\" sizes=\"auto, (max-width: 1024px) 100vw, 1024px\" \/><\/a><\/figure><\/li><li class=\"blocks-gallery-item\"><figure><a href=\"http:\/\/wordpress.sventa-spring.de\/wp-content\/uploads\/2023\/09\/DSC_0726-1024x685.jpg\"><img loading=\"lazy\" decoding=\"async\" width=\"1024\" height=\"685\" src=\"http:\/\/wordpress.sventa-spring.de\/wp-content\/uploads\/2023\/09\/DSC_0726-1024x685.jpg\" alt=\"\" data-id=\"995\" data-link=\"http:\/\/wordpress.sventa-spring.de\/?attachment_id=995#main\" class=\"wp-image-995\" srcset=\"http:\/\/wordpress.sventa-spring.de\/wp-content\/uploads\/2023\/09\/DSC_0726-1024x685.jpg 1024w, http:\/\/wordpress.sventa-spring.de\/wp-content\/uploads\/2023\/09\/DSC_0726-300x201.jpg 300w, http:\/\/wordpress.sventa-spring.de\/wp-content\/uploads\/2023\/09\/DSC_0726-768x514.jpg 768w, http:\/\/wordpress.sventa-spring.de\/wp-content\/uploads\/2023\/09\/DSC_0726-360x242.jpg 360w, http:\/\/wordpress.sventa-spring.de\/wp-content\/uploads\/2023\/09\/DSC_0726-568x380.jpg 568w\" sizes=\"auto, (max-width: 1024px) 100vw, 1024px\" \/><\/a><\/figure><\/li><\/ul>\n","protected":false},"excerpt":{"rendered":"<p>In der Nacht vom 29.8. zum 30.8. war es nun endlich soweit und Mika schenkte 9 s\u00fc\u00dfen Fleckenzwergen das Leben. Verpaarung: Dreams Come True of Sventa Spring x Hugo vom Hause Fiedanu (Call Me Lilu of Sventa Spring x Orions Belt Classy Clipper; Cira vom Hause Fiedanu x Caprilli\u00b4s Just in Time) Es sind 6 &hellip; <a href=\"http:\/\/wordpress.sventa-spring.de\/?page_id=945\" class=\"more-link\">Weiterlesen <span class=\"screen-reader-text\">F-Wurf \/ 1. Woche<\/span><\/a><\/p>\n","protected":false},"author":1,"featured_media":0,"parent":0,"menu_order":0,"comment_status":"closed","ping_status":"closed","template":"","meta":{"footnotes":""},"class_list":["post-945","page","type-page","status-publish","hentry","without-featured-image"],"_links":{"self":[{"href":"http:\/\/wordpress.sventa-spring.de\/index.php?rest_route=\/wp\/v2\/pages\/945","targetHints":{"allow":["GET"]}}],"collection":[{"href":"http:\/\/wordpress.sventa-spring.de\/index.php?rest_route=\/wp\/v2\/pages"}],"about":[{"href":"http:\/\/wordpress.sventa-spring.de\/index.php?rest_route=\/wp\/v2\/types\/page"}],"author":[{"embeddable":true,"href":"http:\/\/wordpress.sventa-spring.de\/index.php?rest_route=\/wp\/v2\/users\/1"}],"replies":[{"embeddable":true,"href":"http:\/\/wordpress.sventa-spring.de\/index.php?rest_route=%2Fwp%2Fv2%2Fcomments&post=945"}],"version-history":[{"count":4,"href":"http:\/\/wordpress.sventa-spring.de\/index.php?rest_route=\/wp\/v2\/pages\/945\/revisions"}],"predecessor-version":[{"id":1017,"href":"http:\/\/wordpress.sventa-spring.de\/index.php?rest_route=\/wp\/v2\/pages\/945\/revisions\/1017"}],"wp:attachment":[{"href":"http:\/\/wordpress.sventa-spring.de\/index.php?rest_route=%2Fwp%2Fv2%2Fmedia&parent=945"}],"curies":[{"name":"wp","href":"https:\/\/api.w.org\/{rel}","templated":true}]}}