{"id":933,"date":"2023-07-29T09:43:50","date_gmt":"2023-07-29T08:43:50","guid":{"rendered":"http:\/\/wordpress.sventa-spring.de\/?page_id=933"},"modified":"2023-09-25T12:10:27","modified_gmt":"2023-09-25T11:10:27","slug":"f-wurf","status":"publish","type":"page","link":"http:\/\/wordpress.sventa-spring.de\/?page_id=933","title":{"rendered":"F-Wurf"},"content":{"rendered":"\n<p>am 29.08. 2023 erblickten 9 Welpen das Licht der Welt. Es sind 3 R\u00fcden, zwei haben eine Ohrplatte, alle wei\u00df-schwarz und 6 H\u00fcndinnen, davon 2 wei\u00df-braun und 3 mit Platte.<\/p>\n\n\n\n<p>Es ist unser erster LUA-Wurf und wir haben 3 Wekpen mit diesem Gen. Davon 2 H\u00fcndinnen, beide mit Platte und 1 R\u00fcde, ebenfalls mit Platte<\/p>\n\n\n\n<figure class=\"wp-block-image\"><a href=\"http:\/\/wordpress.sventa-spring.de\/wp-content\/uploads\/2023\/09\/AT-F-Wurf.jpg\"><img loading=\"lazy\" decoding=\"async\" width=\"1024\" height=\"724\" src=\"http:\/\/wordpress.sventa-spring.de\/wp-content\/uploads\/2023\/09\/AT-F-Wurf-1024x724.jpg\" alt=\"\" class=\"wp-image-1023\" srcset=\"http:\/\/wordpress.sventa-spring.de\/wp-content\/uploads\/2023\/09\/AT-F-Wurf-1024x724.jpg 1024w, http:\/\/wordpress.sventa-spring.de\/wp-content\/uploads\/2023\/09\/AT-F-Wurf-300x212.jpg 300w, http:\/\/wordpress.sventa-spring.de\/wp-content\/uploads\/2023\/09\/AT-F-Wurf-768x543.jpg 768w, http:\/\/wordpress.sventa-spring.de\/wp-content\/uploads\/2023\/09\/AT-F-Wurf-538x380.jpg 538w, http:\/\/wordpress.sventa-spring.de\/wp-content\/uploads\/2023\/09\/AT-F-Wurf.jpg 1684w\" sizes=\"auto, (max-width: 1024px) 100vw, 1024px\" \/><\/a><\/figure>\n","protected":false},"excerpt":{"rendered":"<p>am 29.08. 2023 erblickten 9 Welpen das Licht der Welt. Es sind 3 R\u00fcden, zwei haben eine Ohrplatte, alle wei\u00df-schwarz und 6 H\u00fcndinnen, davon 2 wei\u00df-braun und 3 mit Platte. Es ist unser erster LUA-Wurf und wir haben 3 Wekpen mit diesem Gen. Davon 2 H\u00fcndinnen, beide mit Platte und 1 R\u00fcde, ebenfalls mit Platte<\/p>\n","protected":false},"author":1,"featured_media":0,"parent":689,"menu_order":0,"comment_status":"closed","ping_status":"closed","template":"","meta":{"footnotes":""},"class_list":["post-933","page","type-page","status-publish","hentry","without-featured-image"],"_links":{"self":[{"href":"http:\/\/wordpress.sventa-spring.de\/index.php?rest_route=\/wp\/v2\/pages\/933","targetHints":{"allow":["GET"]}}],"collection":[{"href":"http:\/\/wordpress.sventa-spring.de\/index.php?rest_route=\/wp\/v2\/pages"}],"about":[{"href":"http:\/\/wordpress.sventa-spring.de\/index.php?rest_route=\/wp\/v2\/types\/page"}],"author":[{"embeddable":true,"href":"http:\/\/wordpress.sventa-spring.de\/index.php?rest_route=\/wp\/v2\/users\/1"}],"replies":[{"embeddable":true,"href":"http:\/\/wordpress.sventa-spring.de\/index.php?rest_route=%2Fwp%2Fv2%2Fcomments&post=933"}],"version-history":[{"count":4,"href":"http:\/\/wordpress.sventa-spring.de\/index.php?rest_route=\/wp\/v2\/pages\/933\/revisions"}],"predecessor-version":[{"id":1057,"href":"http:\/\/wordpress.sventa-spring.de\/index.php?rest_route=\/wp\/v2\/pages\/933\/revisions\/1057"}],"up":[{"embeddable":true,"href":"http:\/\/wordpress.sventa-spring.de\/index.php?rest_route=\/wp\/v2\/pages\/689"}],"wp:attachment":[{"href":"http:\/\/wordpress.sventa-spring.de\/index.php?rest_route=%2Fwp%2Fv2%2Fmedia&parent=933"}],"curies":[{"name":"wp","href":"https:\/\/api.w.org\/{rel}","templated":true}]}}