{"id":755,"date":"2021-05-07T10:19:03","date_gmt":"2021-05-07T09:19:03","guid":{"rendered":"http:\/\/wordpress.sventa-spring.de\/?page_id=755"},"modified":"2021-05-10T09:43:43","modified_gmt":"2021-05-10T08:43:43","slug":"e-wurf-1-woche","status":"publish","type":"page","link":"http:\/\/wordpress.sventa-spring.de\/?page_id=755","title":{"rendered":"E-Wurf \/ 1. Woche"},"content":{"rendered":"\n<p>am 1. Mai setzte endlich die lang erwartete Geburt bei Lilu ein, und auch wenn es eine sehr lange Geburt war und nicht alle kleinen M\u00e4use es geschafft haben, sind wir nun unendlich gl\u00fccklich \u00fcber unsere 8 s\u00fc\u00dfen Wonneproppen.<\/p>\n\n\n\n<p>Lilu hat insgesamt 11 Welpen zur Welt gebracht, davon 2 Totgeburten, beides R\u00fcden und 9 Lebende. Leider mussten wir uns nach 2 Tagen vom Kleinsten R\u00fcden verabschieden, er war sehr leicht bei der Geburt und wollte einfach nicht zunehmen.<\/p>\n\n\n\n<p>Die \u00fcbrigen 8, 5 R\u00fcden, 1 Ohrplatte rechts braun, 1 Innenohrplatte links braun, 1 R\u00fcde braun-wei\u00df, 2 R\u00fcden schwarz-wei\u00df und 3 M\u00e4dels, davon 1 Ohrplatte rechts in braun, 1 H\u00fcndin in braun-wei\u00df und 1 H\u00fcndin in schwarz, wachsen und gedeihen und haben alle ihr Gewicht bereits verdoppelt.<\/p>\n\n\n\n<p>Hier nun die ersten Bilder<\/p>\n\n\n\n<ul class=\"wp-block-gallery columns-3 is-cropped wp-block-gallery-1 is-layout-flex wp-block-gallery-is-layout-flex\"><li class=\"blocks-gallery-item\"><figure><img loading=\"lazy\" decoding=\"async\" width=\"1024\" height=\"680\" src=\"http:\/\/wordpress.sventa-spring.de\/wp-content\/uploads\/2021\/05\/DSC05984-1024x680.jpg\" alt=\"\" data-id=\"775\" data-link=\"http:\/\/wordpress.sventa-spring.de\/?attachment_id=775#main\" class=\"wp-image-775\" srcset=\"http:\/\/wordpress.sventa-spring.de\/wp-content\/uploads\/2021\/05\/DSC05984-1024x680.jpg 1024w, http:\/\/wordpress.sventa-spring.de\/wp-content\/uploads\/2021\/05\/DSC05984-300x199.jpg 300w, http:\/\/wordpress.sventa-spring.de\/wp-content\/uploads\/2021\/05\/DSC05984-768x510.jpg 768w, http:\/\/wordpress.sventa-spring.de\/wp-content\/uploads\/2021\/05\/DSC05984-572x380.jpg 572w\" sizes=\"auto, (max-width: 1024px) 100vw, 1024px\" \/><\/figure><\/li><li class=\"blocks-gallery-item\"><figure><img loading=\"lazy\" decoding=\"async\" width=\"1024\" height=\"680\" src=\"http:\/\/wordpress.sventa-spring.de\/wp-content\/uploads\/2021\/05\/DSC05986-1024x680.jpg\" alt=\"\" data-id=\"776\" data-link=\"http:\/\/wordpress.sventa-spring.de\/?attachment_id=776#main\" class=\"wp-image-776\" srcset=\"http:\/\/wordpress.sventa-spring.de\/wp-content\/uploads\/2021\/05\/DSC05986-1024x680.jpg 1024w, http:\/\/wordpress.sventa-spring.de\/wp-content\/uploads\/2021\/05\/DSC05986-300x199.jpg 300w, http:\/\/wordpress.sventa-spring.de\/wp-content\/uploads\/2021\/05\/DSC05986-768x510.jpg 768w, http:\/\/wordpress.sventa-spring.de\/wp-content\/uploads\/2021\/05\/DSC05986-572x380.jpg 572w\" sizes=\"auto, (max-width: 1024px) 100vw, 1024px\" \/><\/figure><\/li><li class=\"blocks-gallery-item\"><figure><img loading=\"lazy\" decoding=\"async\" width=\"1024\" height=\"680\" src=\"http:\/\/wordpress.sventa-spring.de\/wp-content\/uploads\/2021\/05\/DSC05988-1024x680.jpg\" alt=\"\" data-id=\"777\" data-link=\"http:\/\/wordpress.sventa-spring.de\/?attachment_id=777#main\" class=\"wp-image-777\" srcset=\"http:\/\/wordpress.sventa-spring.de\/wp-content\/uploads\/2021\/05\/DSC05988-1024x680.jpg 1024w, http:\/\/wordpress.sventa-spring.de\/wp-content\/uploads\/2021\/05\/DSC05988-300x199.jpg 300w, http:\/\/wordpress.sventa-spring.de\/wp-content\/uploads\/2021\/05\/DSC05988-768x510.jpg 768w, http:\/\/wordpress.sventa-spring.de\/wp-content\/uploads\/2021\/05\/DSC05988-572x380.jpg 572w\" sizes=\"auto, (max-width: 1024px) 100vw, 1024px\" \/><\/figure><\/li><li class=\"blocks-gallery-item\"><figure><img loading=\"lazy\" decoding=\"async\" width=\"1024\" height=\"680\" src=\"http:\/\/wordpress.sventa-spring.de\/wp-content\/uploads\/2021\/05\/DSC05989-1024x680.jpg\" alt=\"\" data-id=\"778\" data-link=\"http:\/\/wordpress.sventa-spring.de\/?attachment_id=778#main\" class=\"wp-image-778\" srcset=\"http:\/\/wordpress.sventa-spring.de\/wp-content\/uploads\/2021\/05\/DSC05989-1024x680.jpg 1024w, http:\/\/wordpress.sventa-spring.de\/wp-content\/uploads\/2021\/05\/DSC05989-300x199.jpg 300w, http:\/\/wordpress.sventa-spring.de\/wp-content\/uploads\/2021\/05\/DSC05989-768x510.jpg 768w, http:\/\/wordpress.sventa-spring.de\/wp-content\/uploads\/2021\/05\/DSC05989-572x380.jpg 572w\" sizes=\"auto, (max-width: 1024px) 100vw, 1024px\" \/><\/figure><\/li><li class=\"blocks-gallery-item\"><figure><img loading=\"lazy\" decoding=\"async\" width=\"1024\" height=\"680\" src=\"http:\/\/wordpress.sventa-spring.de\/wp-content\/uploads\/2021\/05\/DSC05990-1024x680.jpg\" alt=\"\" data-id=\"779\" data-link=\"http:\/\/wordpress.sventa-spring.de\/?attachment_id=779#main\" class=\"wp-image-779\" srcset=\"http:\/\/wordpress.sventa-spring.de\/wp-content\/uploads\/2021\/05\/DSC05990-1024x680.jpg 1024w, http:\/\/wordpress.sventa-spring.de\/wp-content\/uploads\/2021\/05\/DSC05990-300x199.jpg 300w, http:\/\/wordpress.sventa-spring.de\/wp-content\/uploads\/2021\/05\/DSC05990-768x510.jpg 768w, http:\/\/wordpress.sventa-spring.de\/wp-content\/uploads\/2021\/05\/DSC05990-572x380.jpg 572w\" sizes=\"auto, (max-width: 1024px) 100vw, 1024px\" \/><\/figure><\/li><li class=\"blocks-gallery-item\"><figure><img loading=\"lazy\" decoding=\"async\" width=\"1024\" height=\"680\" src=\"http:\/\/wordpress.sventa-spring.de\/wp-content\/uploads\/2021\/05\/DSC05992-1024x680.jpg\" alt=\"\" data-id=\"780\" data-link=\"http:\/\/wordpress.sventa-spring.de\/?attachment_id=780#main\" class=\"wp-image-780\" srcset=\"http:\/\/wordpress.sventa-spring.de\/wp-content\/uploads\/2021\/05\/DSC05992-1024x680.jpg 1024w, http:\/\/wordpress.sventa-spring.de\/wp-content\/uploads\/2021\/05\/DSC05992-300x199.jpg 300w, http:\/\/wordpress.sventa-spring.de\/wp-content\/uploads\/2021\/05\/DSC05992-768x510.jpg 768w, http:\/\/wordpress.sventa-spring.de\/wp-content\/uploads\/2021\/05\/DSC05992-572x380.jpg 572w\" sizes=\"auto, (max-width: 1024px) 100vw, 1024px\" \/><\/figure><\/li><li class=\"blocks-gallery-item\"><figure><img loading=\"lazy\" decoding=\"async\" width=\"1024\" height=\"680\" src=\"http:\/\/wordpress.sventa-spring.de\/wp-content\/uploads\/2021\/05\/DSC05993-1024x680.jpg\" alt=\"\" data-id=\"781\" data-link=\"http:\/\/wordpress.sventa-spring.de\/?attachment_id=781#main\" class=\"wp-image-781\" srcset=\"http:\/\/wordpress.sventa-spring.de\/wp-content\/uploads\/2021\/05\/DSC05993-1024x680.jpg 1024w, http:\/\/wordpress.sventa-spring.de\/wp-content\/uploads\/2021\/05\/DSC05993-300x199.jpg 300w, http:\/\/wordpress.sventa-spring.de\/wp-content\/uploads\/2021\/05\/DSC05993-768x510.jpg 768w, http:\/\/wordpress.sventa-spring.de\/wp-content\/uploads\/2021\/05\/DSC05993-572x380.jpg 572w\" sizes=\"auto, (max-width: 1024px) 100vw, 1024px\" \/><\/figure><\/li><li class=\"blocks-gallery-item\"><figure><img loading=\"lazy\" decoding=\"async\" width=\"1024\" height=\"680\" src=\"http:\/\/wordpress.sventa-spring.de\/wp-content\/uploads\/2021\/05\/DSC05994-1024x680.jpg\" alt=\"\" data-id=\"782\" data-link=\"http:\/\/wordpress.sventa-spring.de\/?attachment_id=782#main\" class=\"wp-image-782\" srcset=\"http:\/\/wordpress.sventa-spring.de\/wp-content\/uploads\/2021\/05\/DSC05994-1024x680.jpg 1024w, http:\/\/wordpress.sventa-spring.de\/wp-content\/uploads\/2021\/05\/DSC05994-300x199.jpg 300w, http:\/\/wordpress.sventa-spring.de\/wp-content\/uploads\/2021\/05\/DSC05994-768x510.jpg 768w, http:\/\/wordpress.sventa-spring.de\/wp-content\/uploads\/2021\/05\/DSC05994-572x380.jpg 572w\" sizes=\"auto, (max-width: 1024px) 100vw, 1024px\" \/><\/figure><\/li><li class=\"blocks-gallery-item\"><figure><img loading=\"lazy\" decoding=\"async\" width=\"1024\" height=\"680\" src=\"http:\/\/wordpress.sventa-spring.de\/wp-content\/uploads\/2021\/05\/DSC05995-1024x680.jpg\" alt=\"\" data-id=\"783\" data-link=\"http:\/\/wordpress.sventa-spring.de\/?attachment_id=783#main\" class=\"wp-image-783\" srcset=\"http:\/\/wordpress.sventa-spring.de\/wp-content\/uploads\/2021\/05\/DSC05995-1024x680.jpg 1024w, http:\/\/wordpress.sventa-spring.de\/wp-content\/uploads\/2021\/05\/DSC05995-300x199.jpg 300w, http:\/\/wordpress.sventa-spring.de\/wp-content\/uploads\/2021\/05\/DSC05995-768x510.jpg 768w, http:\/\/wordpress.sventa-spring.de\/wp-content\/uploads\/2021\/05\/DSC05995-572x380.jpg 572w\" sizes=\"auto, (max-width: 1024px) 100vw, 1024px\" \/><\/figure><\/li><li class=\"blocks-gallery-item\"><figure><img loading=\"lazy\" decoding=\"async\" width=\"1024\" height=\"680\" src=\"http:\/\/wordpress.sventa-spring.de\/wp-content\/uploads\/2021\/05\/DSC05996-1024x680.jpg\" alt=\"\" data-id=\"784\" data-link=\"http:\/\/wordpress.sventa-spring.de\/?attachment_id=784#main\" class=\"wp-image-784\" srcset=\"http:\/\/wordpress.sventa-spring.de\/wp-content\/uploads\/2021\/05\/DSC05996-1024x680.jpg 1024w, http:\/\/wordpress.sventa-spring.de\/wp-content\/uploads\/2021\/05\/DSC05996-300x199.jpg 300w, http:\/\/wordpress.sventa-spring.de\/wp-content\/uploads\/2021\/05\/DSC05996-768x510.jpg 768w, http:\/\/wordpress.sventa-spring.de\/wp-content\/uploads\/2021\/05\/DSC05996-572x380.jpg 572w\" sizes=\"auto, (max-width: 1024px) 100vw, 1024px\" \/><\/figure><\/li><li class=\"blocks-gallery-item\"><figure><img loading=\"lazy\" decoding=\"async\" width=\"1024\" height=\"680\" src=\"http:\/\/wordpress.sventa-spring.de\/wp-content\/uploads\/2021\/05\/DSC05999-1024x680.jpg\" alt=\"\" data-id=\"785\" data-link=\"http:\/\/wordpress.sventa-spring.de\/?attachment_id=785#main\" class=\"wp-image-785\" srcset=\"http:\/\/wordpress.sventa-spring.de\/wp-content\/uploads\/2021\/05\/DSC05999-1024x680.jpg 1024w, http:\/\/wordpress.sventa-spring.de\/wp-content\/uploads\/2021\/05\/DSC05999-300x199.jpg 300w, http:\/\/wordpress.sventa-spring.de\/wp-content\/uploads\/2021\/05\/DSC05999-768x510.jpg 768w, http:\/\/wordpress.sventa-spring.de\/wp-content\/uploads\/2021\/05\/DSC05999-572x380.jpg 572w\" sizes=\"auto, (max-width: 1024px) 100vw, 1024px\" \/><\/figure><\/li><li class=\"blocks-gallery-item\"><figure><img loading=\"lazy\" decoding=\"async\" width=\"1024\" height=\"680\" src=\"http:\/\/wordpress.sventa-spring.de\/wp-content\/uploads\/2021\/05\/DSC06000-1024x680.jpg\" alt=\"\" data-id=\"786\" data-link=\"http:\/\/wordpress.sventa-spring.de\/?attachment_id=786#main\" class=\"wp-image-786\" srcset=\"http:\/\/wordpress.sventa-spring.de\/wp-content\/uploads\/2021\/05\/DSC06000-1024x680.jpg 1024w, http:\/\/wordpress.sventa-spring.de\/wp-content\/uploads\/2021\/05\/DSC06000-300x199.jpg 300w, http:\/\/wordpress.sventa-spring.de\/wp-content\/uploads\/2021\/05\/DSC06000-768x510.jpg 768w, http:\/\/wordpress.sventa-spring.de\/wp-content\/uploads\/2021\/05\/DSC06000-572x380.jpg 572w\" sizes=\"auto, (max-width: 1024px) 100vw, 1024px\" \/><\/figure><\/li><li class=\"blocks-gallery-item\"><figure><img loading=\"lazy\" decoding=\"async\" width=\"1024\" height=\"680\" src=\"http:\/\/wordpress.sventa-spring.de\/wp-content\/uploads\/2021\/05\/DSC06002-1024x680.jpg\" alt=\"\" data-id=\"787\" data-link=\"http:\/\/wordpress.sventa-spring.de\/?attachment_id=787#main\" class=\"wp-image-787\" srcset=\"http:\/\/wordpress.sventa-spring.de\/wp-content\/uploads\/2021\/05\/DSC06002-1024x680.jpg 1024w, http:\/\/wordpress.sventa-spring.de\/wp-content\/uploads\/2021\/05\/DSC06002-300x199.jpg 300w, http:\/\/wordpress.sventa-spring.de\/wp-content\/uploads\/2021\/05\/DSC06002-768x510.jpg 768w, http:\/\/wordpress.sventa-spring.de\/wp-content\/uploads\/2021\/05\/DSC06002-572x380.jpg 572w\" sizes=\"auto, (max-width: 1024px) 100vw, 1024px\" \/><\/figure><\/li><li class=\"blocks-gallery-item\"><figure><img loading=\"lazy\" decoding=\"async\" width=\"1024\" height=\"680\" src=\"http:\/\/wordpress.sventa-spring.de\/wp-content\/uploads\/2021\/05\/DSC06003-1024x680.jpg\" alt=\"\" data-id=\"788\" data-link=\"http:\/\/wordpress.sventa-spring.de\/?attachment_id=788#main\" class=\"wp-image-788\" srcset=\"http:\/\/wordpress.sventa-spring.de\/wp-content\/uploads\/2021\/05\/DSC06003-1024x680.jpg 1024w, http:\/\/wordpress.sventa-spring.de\/wp-content\/uploads\/2021\/05\/DSC06003-300x199.jpg 300w, http:\/\/wordpress.sventa-spring.de\/wp-content\/uploads\/2021\/05\/DSC06003-768x510.jpg 768w, http:\/\/wordpress.sventa-spring.de\/wp-content\/uploads\/2021\/05\/DSC06003-572x380.jpg 572w\" sizes=\"auto, (max-width: 1024px) 100vw, 1024px\" \/><\/figure><\/li><li class=\"blocks-gallery-item\"><figure><img loading=\"lazy\" decoding=\"async\" width=\"1024\" height=\"680\" src=\"http:\/\/wordpress.sventa-spring.de\/wp-content\/uploads\/2021\/05\/DSC06005-1024x680.jpg\" alt=\"\" data-id=\"789\" data-link=\"http:\/\/wordpress.sventa-spring.de\/?attachment_id=789#main\" class=\"wp-image-789\" srcset=\"http:\/\/wordpress.sventa-spring.de\/wp-content\/uploads\/2021\/05\/DSC06005-1024x680.jpg 1024w, http:\/\/wordpress.sventa-spring.de\/wp-content\/uploads\/2021\/05\/DSC06005-300x199.jpg 300w, http:\/\/wordpress.sventa-spring.de\/wp-content\/uploads\/2021\/05\/DSC06005-768x510.jpg 768w, http:\/\/wordpress.sventa-spring.de\/wp-content\/uploads\/2021\/05\/DSC06005-572x380.jpg 572w\" sizes=\"auto, (max-width: 1024px) 100vw, 1024px\" \/><\/figure><\/li><\/ul>\n","protected":false},"excerpt":{"rendered":"<p>am 1. Mai setzte endlich die lang erwartete Geburt bei Lilu ein, und auch wenn es eine sehr lange Geburt war und nicht alle kleinen M\u00e4use es geschafft haben, sind wir nun unendlich gl\u00fccklich \u00fcber unsere 8 s\u00fc\u00dfen Wonneproppen. Lilu hat insgesamt 11 Welpen zur Welt gebracht, davon 2 Totgeburten, beides R\u00fcden und 9 Lebende. &hellip; <a href=\"http:\/\/wordpress.sventa-spring.de\/?page_id=755\" class=\"more-link\">Weiterlesen <span class=\"screen-reader-text\">E-Wurf \/ 1. Woche<\/span><\/a><\/p>\n","protected":false},"author":1,"featured_media":0,"parent":0,"menu_order":0,"comment_status":"closed","ping_status":"closed","template":"","meta":{"footnotes":""},"class_list":["post-755","page","type-page","status-publish","hentry","without-featured-image"],"_links":{"self":[{"href":"http:\/\/wordpress.sventa-spring.de\/index.php?rest_route=\/wp\/v2\/pages\/755","targetHints":{"allow":["GET"]}}],"collection":[{"href":"http:\/\/wordpress.sventa-spring.de\/index.php?rest_route=\/wp\/v2\/pages"}],"about":[{"href":"http:\/\/wordpress.sventa-spring.de\/index.php?rest_route=\/wp\/v2\/types\/page"}],"author":[{"embeddable":true,"href":"http:\/\/wordpress.sventa-spring.de\/index.php?rest_route=\/wp\/v2\/users\/1"}],"replies":[{"embeddable":true,"href":"http:\/\/wordpress.sventa-spring.de\/index.php?rest_route=%2Fwp%2Fv2%2Fcomments&post=755"}],"version-history":[{"count":3,"href":"http:\/\/wordpress.sventa-spring.de\/index.php?rest_route=\/wp\/v2\/pages\/755\/revisions"}],"predecessor-version":[{"id":790,"href":"http:\/\/wordpress.sventa-spring.de\/index.php?rest_route=\/wp\/v2\/pages\/755\/revisions\/790"}],"wp:attachment":[{"href":"http:\/\/wordpress.sventa-spring.de\/index.php?rest_route=%2Fwp%2Fv2%2Fmedia&parent=755"}],"curies":[{"name":"wp","href":"https:\/\/api.w.org\/{rel}","templated":true}]}}