{"id":750,"date":"2021-05-07T10:17:48","date_gmt":"2021-05-07T09:17:48","guid":{"rendered":"http:\/\/wordpress.sventa-spring.de\/?page_id=750"},"modified":"2021-06-07T10:18:46","modified_gmt":"2021-06-07T09:18:46","slug":"e-wurf-4-woche","status":"publish","type":"page","link":"http:\/\/wordpress.sventa-spring.de\/?page_id=750","title":{"rendered":"E-Wurf \/ 4. Woche"},"content":{"rendered":"\n<p>leider wieder etwas versp\u00e4tet hier nun unsere S\u00fc\u00dfen in der 4. Woche. Alle machen sich prima und unser Sorgenkind hat einen erstaunlichen Lebenswillen. Nat\u00fcrlich gibt es immer wieder R\u00fcckschl\u00e4ge, aber wir sind guter Hoffnung, dass er mit seiner Einschr\u00e4nkung trotz allem ein gl\u00fcckliches Leben haben wird.<\/p>\n\n\n\n<p>Unsere Kleinen haben nun endlich den Garten als neues Abenteuer dazubekommen und genie\u00dfen die Sonne und die W\u00e4rme an der frischen Luft, die Spiele werden rauer und unsere Schn\u00fcrsenkel sind mega interessant.<\/p>\n\n\n\n<p>F\u00fcr die 5. Woche haben wir die Einzelvorstellung geplant und k\u00f6nnen hoffentlich schon alle Namen bekannt geben.<\/p>\n\n\n\n<ul class=\"wp-block-gallery columns-3 is-cropped wp-block-gallery-1 is-layout-flex wp-block-gallery-is-layout-flex\"><li class=\"blocks-gallery-item\"><figure><img loading=\"lazy\" decoding=\"async\" width=\"1024\" height=\"629\" src=\"http:\/\/wordpress.sventa-spring.de\/wp-content\/uploads\/2021\/06\/DSC06158-1024x629.jpg\" alt=\"\" data-id=\"854\" data-link=\"http:\/\/wordpress.sventa-spring.de\/?attachment_id=854#main\" class=\"wp-image-854\" srcset=\"http:\/\/wordpress.sventa-spring.de\/wp-content\/uploads\/2021\/06\/DSC06158-1024x629.jpg 1024w, http:\/\/wordpress.sventa-spring.de\/wp-content\/uploads\/2021\/06\/DSC06158-300x184.jpg 300w, http:\/\/wordpress.sventa-spring.de\/wp-content\/uploads\/2021\/06\/DSC06158-768x472.jpg 768w, http:\/\/wordpress.sventa-spring.de\/wp-content\/uploads\/2021\/06\/DSC06158-619x380.jpg 619w\" sizes=\"auto, (max-width: 1024px) 100vw, 1024px\" \/><\/figure><\/li><li class=\"blocks-gallery-item\"><figure><img loading=\"lazy\" decoding=\"async\" width=\"1024\" height=\"612\" src=\"http:\/\/wordpress.sventa-spring.de\/wp-content\/uploads\/2021\/06\/DSC06161-1024x612.jpg\" alt=\"\" data-id=\"855\" data-link=\"http:\/\/wordpress.sventa-spring.de\/?attachment_id=855#main\" class=\"wp-image-855\" srcset=\"http:\/\/wordpress.sventa-spring.de\/wp-content\/uploads\/2021\/06\/DSC06161-1024x612.jpg 1024w, http:\/\/wordpress.sventa-spring.de\/wp-content\/uploads\/2021\/06\/DSC06161-300x179.jpg 300w, http:\/\/wordpress.sventa-spring.de\/wp-content\/uploads\/2021\/06\/DSC06161-768x459.jpg 768w, http:\/\/wordpress.sventa-spring.de\/wp-content\/uploads\/2021\/06\/DSC06161-636x380.jpg 636w\" sizes=\"auto, (max-width: 1024px) 100vw, 1024px\" \/><\/figure><\/li><li class=\"blocks-gallery-item\"><figure><img loading=\"lazy\" decoding=\"async\" width=\"1024\" height=\"783\" src=\"http:\/\/wordpress.sventa-spring.de\/wp-content\/uploads\/2021\/06\/DSC06164-1024x783.jpg\" alt=\"\" data-id=\"856\" data-link=\"http:\/\/wordpress.sventa-spring.de\/?attachment_id=856#main\" class=\"wp-image-856\" srcset=\"http:\/\/wordpress.sventa-spring.de\/wp-content\/uploads\/2021\/06\/DSC06164-1024x783.jpg 1024w, http:\/\/wordpress.sventa-spring.de\/wp-content\/uploads\/2021\/06\/DSC06164-300x229.jpg 300w, http:\/\/wordpress.sventa-spring.de\/wp-content\/uploads\/2021\/06\/DSC06164-768x587.jpg 768w, http:\/\/wordpress.sventa-spring.de\/wp-content\/uploads\/2021\/06\/DSC06164-497x380.jpg 497w\" sizes=\"auto, (max-width: 1024px) 100vw, 1024px\" \/><\/figure><\/li><li class=\"blocks-gallery-item\"><figure><img loading=\"lazy\" decoding=\"async\" width=\"1024\" height=\"712\" src=\"http:\/\/wordpress.sventa-spring.de\/wp-content\/uploads\/2021\/06\/DSC06167-1024x712.jpg\" alt=\"\" data-id=\"857\" data-link=\"http:\/\/wordpress.sventa-spring.de\/?attachment_id=857#main\" class=\"wp-image-857\" srcset=\"http:\/\/wordpress.sventa-spring.de\/wp-content\/uploads\/2021\/06\/DSC06167-1024x712.jpg 1024w, http:\/\/wordpress.sventa-spring.de\/wp-content\/uploads\/2021\/06\/DSC06167-300x208.jpg 300w, http:\/\/wordpress.sventa-spring.de\/wp-content\/uploads\/2021\/06\/DSC06167-768x534.jpg 768w, http:\/\/wordpress.sventa-spring.de\/wp-content\/uploads\/2021\/06\/DSC06167-547x380.jpg 547w\" sizes=\"auto, (max-width: 1024px) 100vw, 1024px\" \/><\/figure><\/li><li class=\"blocks-gallery-item\"><figure><img loading=\"lazy\" decoding=\"async\" width=\"1024\" height=\"995\" src=\"http:\/\/wordpress.sventa-spring.de\/wp-content\/uploads\/2021\/06\/DSC06176-1024x995.jpg\" alt=\"\" data-id=\"858\" data-link=\"http:\/\/wordpress.sventa-spring.de\/?attachment_id=858#main\" class=\"wp-image-858\" srcset=\"http:\/\/wordpress.sventa-spring.de\/wp-content\/uploads\/2021\/06\/DSC06176-1024x995.jpg 1024w, http:\/\/wordpress.sventa-spring.de\/wp-content\/uploads\/2021\/06\/DSC06176-300x291.jpg 300w, http:\/\/wordpress.sventa-spring.de\/wp-content\/uploads\/2021\/06\/DSC06176-768x746.jpg 768w, http:\/\/wordpress.sventa-spring.de\/wp-content\/uploads\/2021\/06\/DSC06176-391x380.jpg 391w, http:\/\/wordpress.sventa-spring.de\/wp-content\/uploads\/2021\/06\/DSC06176.jpg 1756w\" sizes=\"auto, (max-width: 1024px) 100vw, 1024px\" \/><\/figure><\/li><li class=\"blocks-gallery-item\"><figure><img loading=\"lazy\" decoding=\"async\" width=\"1024\" height=\"698\" src=\"http:\/\/wordpress.sventa-spring.de\/wp-content\/uploads\/2021\/06\/DSC06181-1024x698.jpg\" alt=\"\" data-id=\"859\" data-link=\"http:\/\/wordpress.sventa-spring.de\/?attachment_id=859#main\" class=\"wp-image-859\" srcset=\"http:\/\/wordpress.sventa-spring.de\/wp-content\/uploads\/2021\/06\/DSC06181-1024x698.jpg 1024w, http:\/\/wordpress.sventa-spring.de\/wp-content\/uploads\/2021\/06\/DSC06181-300x205.jpg 300w, http:\/\/wordpress.sventa-spring.de\/wp-content\/uploads\/2021\/06\/DSC06181-768x524.jpg 768w, http:\/\/wordpress.sventa-spring.de\/wp-content\/uploads\/2021\/06\/DSC06181-557x380.jpg 557w\" sizes=\"auto, (max-width: 1024px) 100vw, 1024px\" \/><\/figure><\/li><li class=\"blocks-gallery-item\"><figure><img loading=\"lazy\" decoding=\"async\" width=\"1024\" height=\"869\" src=\"http:\/\/wordpress.sventa-spring.de\/wp-content\/uploads\/2021\/06\/DSC06189-1024x869.jpg\" alt=\"\" data-id=\"860\" data-link=\"http:\/\/wordpress.sventa-spring.de\/?attachment_id=860#main\" class=\"wp-image-860\" srcset=\"http:\/\/wordpress.sventa-spring.de\/wp-content\/uploads\/2021\/06\/DSC06189-1024x869.jpg 1024w, http:\/\/wordpress.sventa-spring.de\/wp-content\/uploads\/2021\/06\/DSC06189-300x255.jpg 300w, http:\/\/wordpress.sventa-spring.de\/wp-content\/uploads\/2021\/06\/DSC06189-768x652.jpg 768w, http:\/\/wordpress.sventa-spring.de\/wp-content\/uploads\/2021\/06\/DSC06189-448x380.jpg 448w, http:\/\/wordpress.sventa-spring.de\/wp-content\/uploads\/2021\/06\/DSC06189.jpg 1649w\" sizes=\"auto, (max-width: 1024px) 100vw, 1024px\" \/><\/figure><\/li><li class=\"blocks-gallery-item\"><figure><img loading=\"lazy\" decoding=\"async\" width=\"1024\" height=\"832\" src=\"http:\/\/wordpress.sventa-spring.de\/wp-content\/uploads\/2021\/06\/DSC06190-1024x832.jpg\" alt=\"\" data-id=\"861\" data-link=\"http:\/\/wordpress.sventa-spring.de\/?attachment_id=861#main\" class=\"wp-image-861\" srcset=\"http:\/\/wordpress.sventa-spring.de\/wp-content\/uploads\/2021\/06\/DSC06190-1024x832.jpg 1024w, http:\/\/wordpress.sventa-spring.de\/wp-content\/uploads\/2021\/06\/DSC06190-300x244.jpg 300w, http:\/\/wordpress.sventa-spring.de\/wp-content\/uploads\/2021\/06\/DSC06190-768x624.jpg 768w, http:\/\/wordpress.sventa-spring.de\/wp-content\/uploads\/2021\/06\/DSC06190-468x380.jpg 468w\" sizes=\"auto, (max-width: 1024px) 100vw, 1024px\" \/><\/figure><\/li><li class=\"blocks-gallery-item\"><figure><img loading=\"lazy\" decoding=\"async\" width=\"1024\" height=\"624\" src=\"http:\/\/wordpress.sventa-spring.de\/wp-content\/uploads\/2021\/06\/DSC06191-1024x624.jpg\" alt=\"\" data-id=\"862\" data-link=\"http:\/\/wordpress.sventa-spring.de\/?attachment_id=862#main\" class=\"wp-image-862\" srcset=\"http:\/\/wordpress.sventa-spring.de\/wp-content\/uploads\/2021\/06\/DSC06191-1024x624.jpg 1024w, http:\/\/wordpress.sventa-spring.de\/wp-content\/uploads\/2021\/06\/DSC06191-300x183.jpg 300w, http:\/\/wordpress.sventa-spring.de\/wp-content\/uploads\/2021\/06\/DSC06191-768x468.jpg 768w, http:\/\/wordpress.sventa-spring.de\/wp-content\/uploads\/2021\/06\/DSC06191-624x380.jpg 624w\" sizes=\"auto, (max-width: 1024px) 100vw, 1024px\" \/><\/figure><\/li><li class=\"blocks-gallery-item\"><figure><img loading=\"lazy\" decoding=\"async\" width=\"1024\" height=\"786\" src=\"http:\/\/wordpress.sventa-spring.de\/wp-content\/uploads\/2021\/06\/DSC06198-1024x786.jpg\" alt=\"\" data-id=\"863\" data-link=\"http:\/\/wordpress.sventa-spring.de\/?attachment_id=863#main\" class=\"wp-image-863\" srcset=\"http:\/\/wordpress.sventa-spring.de\/wp-content\/uploads\/2021\/06\/DSC06198-1024x786.jpg 1024w, http:\/\/wordpress.sventa-spring.de\/wp-content\/uploads\/2021\/06\/DSC06198-300x230.jpg 300w, http:\/\/wordpress.sventa-spring.de\/wp-content\/uploads\/2021\/06\/DSC06198-768x589.jpg 768w, http:\/\/wordpress.sventa-spring.de\/wp-content\/uploads\/2021\/06\/DSC06198-495x380.jpg 495w, http:\/\/wordpress.sventa-spring.de\/wp-content\/uploads\/2021\/06\/DSC06198.jpg 1766w\" sizes=\"auto, (max-width: 1024px) 100vw, 1024px\" \/><\/figure><\/li><li class=\"blocks-gallery-item\"><figure><img loading=\"lazy\" decoding=\"async\" width=\"1024\" height=\"645\" src=\"http:\/\/wordpress.sventa-spring.de\/wp-content\/uploads\/2021\/06\/DSC06201-1024x645.jpg\" alt=\"\" data-id=\"864\" data-link=\"http:\/\/wordpress.sventa-spring.de\/?attachment_id=864#main\" class=\"wp-image-864\" srcset=\"http:\/\/wordpress.sventa-spring.de\/wp-content\/uploads\/2021\/06\/DSC06201-1024x645.jpg 1024w, http:\/\/wordpress.sventa-spring.de\/wp-content\/uploads\/2021\/06\/DSC06201-300x189.jpg 300w, http:\/\/wordpress.sventa-spring.de\/wp-content\/uploads\/2021\/06\/DSC06201-768x484.jpg 768w, http:\/\/wordpress.sventa-spring.de\/wp-content\/uploads\/2021\/06\/DSC06201-603x380.jpg 603w\" sizes=\"auto, (max-width: 1024px) 100vw, 1024px\" \/><\/figure><\/li><li class=\"blocks-gallery-item\"><figure><img loading=\"lazy\" decoding=\"async\" width=\"1024\" height=\"586\" src=\"http:\/\/wordpress.sventa-spring.de\/wp-content\/uploads\/2021\/06\/DSC06207-1024x586.jpg\" alt=\"\" data-id=\"865\" data-link=\"http:\/\/wordpress.sventa-spring.de\/?attachment_id=865#main\" class=\"wp-image-865\" srcset=\"http:\/\/wordpress.sventa-spring.de\/wp-content\/uploads\/2021\/06\/DSC06207-1024x586.jpg 1024w, http:\/\/wordpress.sventa-spring.de\/wp-content\/uploads\/2021\/06\/DSC06207-300x172.jpg 300w, http:\/\/wordpress.sventa-spring.de\/wp-content\/uploads\/2021\/06\/DSC06207-768x440.jpg 768w, http:\/\/wordpress.sventa-spring.de\/wp-content\/uploads\/2021\/06\/DSC06207-664x380.jpg 664w\" sizes=\"auto, (max-width: 1024px) 100vw, 1024px\" \/><\/figure><\/li><li class=\"blocks-gallery-item\"><figure><img loading=\"lazy\" decoding=\"async\" width=\"1024\" height=\"680\" src=\"http:\/\/wordpress.sventa-spring.de\/wp-content\/uploads\/2021\/06\/DSC06219-1024x680.jpg\" alt=\"\" data-id=\"866\" data-link=\"http:\/\/wordpress.sventa-spring.de\/?attachment_id=866#main\" class=\"wp-image-866\" srcset=\"http:\/\/wordpress.sventa-spring.de\/wp-content\/uploads\/2021\/06\/DSC06219-1024x680.jpg 1024w, http:\/\/wordpress.sventa-spring.de\/wp-content\/uploads\/2021\/06\/DSC06219-300x199.jpg 300w, http:\/\/wordpress.sventa-spring.de\/wp-content\/uploads\/2021\/06\/DSC06219-768x510.jpg 768w, http:\/\/wordpress.sventa-spring.de\/wp-content\/uploads\/2021\/06\/DSC06219-572x380.jpg 572w\" sizes=\"auto, (max-width: 1024px) 100vw, 1024px\" \/><\/figure><\/li><li class=\"blocks-gallery-item\"><figure><img loading=\"lazy\" decoding=\"async\" width=\"1024\" height=\"680\" src=\"http:\/\/wordpress.sventa-spring.de\/wp-content\/uploads\/2021\/06\/DSC06222-1024x680.jpg\" alt=\"\" data-id=\"867\" data-link=\"http:\/\/wordpress.sventa-spring.de\/?attachment_id=867#main\" class=\"wp-image-867\" srcset=\"http:\/\/wordpress.sventa-spring.de\/wp-content\/uploads\/2021\/06\/DSC06222-1024x680.jpg 1024w, http:\/\/wordpress.sventa-spring.de\/wp-content\/uploads\/2021\/06\/DSC06222-300x199.jpg 300w, http:\/\/wordpress.sventa-spring.de\/wp-content\/uploads\/2021\/06\/DSC06222-768x510.jpg 768w, http:\/\/wordpress.sventa-spring.de\/wp-content\/uploads\/2021\/06\/DSC06222-572x380.jpg 572w\" sizes=\"auto, (max-width: 1024px) 100vw, 1024px\" \/><\/figure><\/li><li class=\"blocks-gallery-item\"><figure><img loading=\"lazy\" decoding=\"async\" width=\"1024\" height=\"680\" src=\"http:\/\/wordpress.sventa-spring.de\/wp-content\/uploads\/2021\/06\/DSC06225-1024x680.jpg\" alt=\"\" data-id=\"868\" data-link=\"http:\/\/wordpress.sventa-spring.de\/?attachment_id=868#main\" class=\"wp-image-868\" srcset=\"http:\/\/wordpress.sventa-spring.de\/wp-content\/uploads\/2021\/06\/DSC06225-1024x680.jpg 1024w, http:\/\/wordpress.sventa-spring.de\/wp-content\/uploads\/2021\/06\/DSC06225-300x199.jpg 300w, http:\/\/wordpress.sventa-spring.de\/wp-content\/uploads\/2021\/06\/DSC06225-768x510.jpg 768w, http:\/\/wordpress.sventa-spring.de\/wp-content\/uploads\/2021\/06\/DSC06225-572x380.jpg 572w\" sizes=\"auto, (max-width: 1024px) 100vw, 1024px\" \/><\/figure><\/li><li class=\"blocks-gallery-item\"><figure><img loading=\"lazy\" decoding=\"async\" width=\"1024\" height=\"699\" src=\"http:\/\/wordpress.sventa-spring.de\/wp-content\/uploads\/2021\/06\/DSC06228-1024x699.jpg\" alt=\"\" data-id=\"869\" data-link=\"http:\/\/wordpress.sventa-spring.de\/?attachment_id=869#main\" class=\"wp-image-869\" srcset=\"http:\/\/wordpress.sventa-spring.de\/wp-content\/uploads\/2021\/06\/DSC06228-1024x699.jpg 1024w, http:\/\/wordpress.sventa-spring.de\/wp-content\/uploads\/2021\/06\/DSC06228-300x205.jpg 300w, http:\/\/wordpress.sventa-spring.de\/wp-content\/uploads\/2021\/06\/DSC06228-768x524.jpg 768w, http:\/\/wordpress.sventa-spring.de\/wp-content\/uploads\/2021\/06\/DSC06228-556x380.jpg 556w\" sizes=\"auto, (max-width: 1024px) 100vw, 1024px\" \/><\/figure><\/li><li class=\"blocks-gallery-item\"><figure><img loading=\"lazy\" decoding=\"async\" width=\"1024\" height=\"680\" src=\"http:\/\/wordpress.sventa-spring.de\/wp-content\/uploads\/2021\/06\/DSC06230-1024x680.jpg\" alt=\"\" data-id=\"870\" data-link=\"http:\/\/wordpress.sventa-spring.de\/?attachment_id=870#main\" class=\"wp-image-870\" srcset=\"http:\/\/wordpress.sventa-spring.de\/wp-content\/uploads\/2021\/06\/DSC06230-1024x680.jpg 1024w, http:\/\/wordpress.sventa-spring.de\/wp-content\/uploads\/2021\/06\/DSC06230-300x199.jpg 300w, http:\/\/wordpress.sventa-spring.de\/wp-content\/uploads\/2021\/06\/DSC06230-768x510.jpg 768w, http:\/\/wordpress.sventa-spring.de\/wp-content\/uploads\/2021\/06\/DSC06230-572x380.jpg 572w\" sizes=\"auto, (max-width: 1024px) 100vw, 1024px\" \/><\/figure><\/li><li class=\"blocks-gallery-item\"><figure><img loading=\"lazy\" decoding=\"async\" width=\"1024\" height=\"680\" src=\"http:\/\/wordpress.sventa-spring.de\/wp-content\/uploads\/2021\/06\/DSC06232-1024x680.jpg\" alt=\"\" data-id=\"871\" data-link=\"http:\/\/wordpress.sventa-spring.de\/?attachment_id=871#main\" class=\"wp-image-871\" srcset=\"http:\/\/wordpress.sventa-spring.de\/wp-content\/uploads\/2021\/06\/DSC06232-1024x680.jpg 1024w, http:\/\/wordpress.sventa-spring.de\/wp-content\/uploads\/2021\/06\/DSC06232-300x199.jpg 300w, http:\/\/wordpress.sventa-spring.de\/wp-content\/uploads\/2021\/06\/DSC06232-768x510.jpg 768w, http:\/\/wordpress.sventa-spring.de\/wp-content\/uploads\/2021\/06\/DSC06232-572x380.jpg 572w\" sizes=\"auto, (max-width: 1024px) 100vw, 1024px\" \/><\/figure><\/li><li class=\"blocks-gallery-item\"><figure><img loading=\"lazy\" decoding=\"async\" width=\"1024\" height=\"823\" src=\"http:\/\/wordpress.sventa-spring.de\/wp-content\/uploads\/2021\/06\/DSC06235-1024x823.jpg\" alt=\"\" data-id=\"872\" data-link=\"http:\/\/wordpress.sventa-spring.de\/?attachment_id=872#main\" class=\"wp-image-872\" srcset=\"http:\/\/wordpress.sventa-spring.de\/wp-content\/uploads\/2021\/06\/DSC06235-1024x823.jpg 1024w, http:\/\/wordpress.sventa-spring.de\/wp-content\/uploads\/2021\/06\/DSC06235-300x241.jpg 300w, http:\/\/wordpress.sventa-spring.de\/wp-content\/uploads\/2021\/06\/DSC06235-768x617.jpg 768w, http:\/\/wordpress.sventa-spring.de\/wp-content\/uploads\/2021\/06\/DSC06235-473x380.jpg 473w, http:\/\/wordpress.sventa-spring.de\/wp-content\/uploads\/2021\/06\/DSC06235.jpg 1242w\" sizes=\"auto, (max-width: 1024px) 100vw, 1024px\" \/><\/figure><\/li><\/ul>\n","protected":false},"excerpt":{"rendered":"<p>leider wieder etwas versp\u00e4tet hier nun unsere S\u00fc\u00dfen in der 4. Woche. Alle machen sich prima und unser Sorgenkind hat einen erstaunlichen Lebenswillen. Nat\u00fcrlich gibt es immer wieder R\u00fcckschl\u00e4ge, aber wir sind guter Hoffnung, dass er mit seiner Einschr\u00e4nkung trotz allem ein gl\u00fcckliches Leben haben wird. Unsere Kleinen haben nun endlich den Garten als neues &hellip; <a href=\"http:\/\/wordpress.sventa-spring.de\/?page_id=750\" class=\"more-link\">Weiterlesen <span class=\"screen-reader-text\">E-Wurf \/ 4. Woche<\/span><\/a><\/p>\n","protected":false},"author":1,"featured_media":0,"parent":0,"menu_order":0,"comment_status":"closed","ping_status":"closed","template":"","meta":{"footnotes":""},"class_list":["post-750","page","type-page","status-publish","hentry","without-featured-image"],"_links":{"self":[{"href":"http:\/\/wordpress.sventa-spring.de\/index.php?rest_route=\/wp\/v2\/pages\/750","targetHints":{"allow":["GET"]}}],"collection":[{"href":"http:\/\/wordpress.sventa-spring.de\/index.php?rest_route=\/wp\/v2\/pages"}],"about":[{"href":"http:\/\/wordpress.sventa-spring.de\/index.php?rest_route=\/wp\/v2\/types\/page"}],"author":[{"embeddable":true,"href":"http:\/\/wordpress.sventa-spring.de\/index.php?rest_route=\/wp\/v2\/users\/1"}],"replies":[{"embeddable":true,"href":"http:\/\/wordpress.sventa-spring.de\/index.php?rest_route=%2Fwp%2Fv2%2Fcomments&post=750"}],"version-history":[{"count":3,"href":"http:\/\/wordpress.sventa-spring.de\/index.php?rest_route=\/wp\/v2\/pages\/750\/revisions"}],"predecessor-version":[{"id":873,"href":"http:\/\/wordpress.sventa-spring.de\/index.php?rest_route=\/wp\/v2\/pages\/750\/revisions\/873"}],"wp:attachment":[{"href":"http:\/\/wordpress.sventa-spring.de\/index.php?rest_route=%2Fwp%2Fv2%2Fmedia&parent=750"}],"curies":[{"name":"wp","href":"https:\/\/api.w.org\/{rel}","templated":true}]}}