{"id":686,"date":"2021-04-01T19:32:34","date_gmt":"2021-04-01T18:32:34","guid":{"rendered":"http:\/\/wordpress.sventa-spring.de\/?page_id=686"},"modified":"2021-04-09T11:53:55","modified_gmt":"2021-04-09T10:53:55","slug":"e-wurf","status":"publish","type":"page","link":"http:\/\/wordpress.sventa-spring.de\/?page_id=686","title":{"rendered":"E-Wurf"},"content":{"rendered":"\n<p><\/p>\n\n\n\n<p class=\"has-background has-luminous-vivid-amber-background-color\"><strong>Orion\u00b4s Belt A Glory Diamond x Call Me Lilu of Sventa Spring<\/strong><\/p>\n\n\n\n<ul class=\"wp-block-gallery columns-2 is-cropped wp-block-gallery-1 is-layout-flex wp-block-gallery-is-layout-flex\"><li class=\"blocks-gallery-item\"><figure><img loading=\"lazy\" decoding=\"async\" width=\"1024\" height=\"1024\" src=\"http:\/\/wordpress.sventa-spring.de\/wp-content\/uploads\/2021\/03\/FB_IMG_16146997260731-1024x1024.jpg\" alt=\"\" data-id=\"675\" data-link=\"http:\/\/wordpress.sventa-spring.de\/?attachment_id=675#main\" class=\"wp-image-675\" srcset=\"http:\/\/wordpress.sventa-spring.de\/wp-content\/uploads\/2021\/03\/FB_IMG_16146997260731-1024x1024.jpg 1024w, http:\/\/wordpress.sventa-spring.de\/wp-content\/uploads\/2021\/03\/FB_IMG_16146997260731-150x150.jpg 150w, http:\/\/wordpress.sventa-spring.de\/wp-content\/uploads\/2021\/03\/FB_IMG_16146997260731-300x300.jpg 300w, http:\/\/wordpress.sventa-spring.de\/wp-content\/uploads\/2021\/03\/FB_IMG_16146997260731-768x768.jpg 768w, http:\/\/wordpress.sventa-spring.de\/wp-content\/uploads\/2021\/03\/FB_IMG_16146997260731-90x90.jpg 90w, http:\/\/wordpress.sventa-spring.de\/wp-content\/uploads\/2021\/03\/FB_IMG_16146997260731-380x380.jpg 380w, http:\/\/wordpress.sventa-spring.de\/wp-content\/uploads\/2021\/03\/FB_IMG_16146997260731.jpg 1080w\" sizes=\"auto, (max-width: 1024px) 100vw, 1024px\" \/><\/figure><\/li><li class=\"blocks-gallery-item\"><figure><img loading=\"lazy\" decoding=\"async\" width=\"1024\" height=\"742\" src=\"http:\/\/wordpress.sventa-spring.de\/wp-content\/uploads\/2018\/12\/DSC02687-1-1024x742.jpg\" alt=\"\" data-id=\"205\" data-link=\"http:\/\/wordpress.sventa-spring.de\/?attachment_id=205#main\" class=\"wp-image-205\" srcset=\"http:\/\/wordpress.sventa-spring.de\/wp-content\/uploads\/2018\/12\/DSC02687-1-1024x742.jpg 1024w, http:\/\/wordpress.sventa-spring.de\/wp-content\/uploads\/2018\/12\/DSC02687-1-300x217.jpg 300w, http:\/\/wordpress.sventa-spring.de\/wp-content\/uploads\/2018\/12\/DSC02687-1-768x557.jpg 768w, http:\/\/wordpress.sventa-spring.de\/wp-content\/uploads\/2018\/12\/DSC02687-1-524x380.jpg 524w\" sizes=\"auto, (max-width: 1024px) 100vw, 1024px\" \/><\/figure><\/li><\/ul>\n\n\n\n<ul class=\"wp-block-list\"><li>Da wir von unserem D-Wurf mehr als angetan waren,&nbsp; haben wir uns f\u00fcr Lilus 2. Wurf f\u00fcr Dexters Halbbruder Sonic entschieden. Sonic \u00fcberzeugte mich auf ganzer Linie mit seinem tollen und charmanten Temperament, dem unwiderstehlichen Grinsen und dem gleichen tollen Geb\u00e4ude mit dem uns auch schon Dexter \u00fcberzeugen konnte. Wir erwarten nun voller Hoffnung die Welpen und sind gespannt wie sie sich entwickeln werden.<\/li><\/ul>\n\n\n\n<p class=\"has-text-color has-vivid-red-color\"><strong>Ahnentafel der Welpen<\/strong><\/p>\n\n\n\n<figure class=\"wp-block-image\"><a href=\"http:\/\/wordpress.sventa-spring.de\/wp-content\/uploads\/2021\/04\/0001.jpg\" target=\"_blank\" rel=\"noreferrer noopener\"><img loading=\"lazy\" decoding=\"async\" width=\"3300\" height=\"2550\" src=\"http:\/\/wordpress.sventa-spring.de\/wp-content\/uploads\/2021\/04\/0001.jpg\" alt=\"\" class=\"wp-image-707\" srcset=\"http:\/\/wordpress.sventa-spring.de\/wp-content\/uploads\/2021\/04\/0001.jpg 3300w, http:\/\/wordpress.sventa-spring.de\/wp-content\/uploads\/2021\/04\/0001-300x232.jpg 300w, http:\/\/wordpress.sventa-spring.de\/wp-content\/uploads\/2021\/04\/0001-768x593.jpg 768w, http:\/\/wordpress.sventa-spring.de\/wp-content\/uploads\/2021\/04\/0001-1024x791.jpg 1024w, http:\/\/wordpress.sventa-spring.de\/wp-content\/uploads\/2021\/04\/0001-492x380.jpg 492w\" sizes=\"auto, (max-width: 3300px) 100vw, 3300px\" \/><\/a><\/figure>\n","protected":false},"excerpt":{"rendered":"<p>Orion\u00b4s Belt A Glory Diamond x Call Me Lilu of Sventa Spring Da wir von unserem D-Wurf mehr als angetan waren,&nbsp; haben wir uns f\u00fcr Lilus 2. Wurf f\u00fcr Dexters Halbbruder Sonic entschieden. Sonic \u00fcberzeugte mich auf ganzer Linie mit seinem tollen und charmanten Temperament, dem unwiderstehlichen Grinsen und dem gleichen tollen Geb\u00e4ude mit dem &hellip; <a href=\"http:\/\/wordpress.sventa-spring.de\/?page_id=686\" class=\"more-link\">Weiterlesen <span class=\"screen-reader-text\">E-Wurf<\/span><\/a><\/p>\n","protected":false},"author":1,"featured_media":0,"parent":0,"menu_order":0,"comment_status":"closed","ping_status":"closed","template":"","meta":{"footnotes":""},"class_list":["post-686","page","type-page","status-publish","hentry","without-featured-image"],"_links":{"self":[{"href":"http:\/\/wordpress.sventa-spring.de\/index.php?rest_route=\/wp\/v2\/pages\/686","targetHints":{"allow":["GET"]}}],"collection":[{"href":"http:\/\/wordpress.sventa-spring.de\/index.php?rest_route=\/wp\/v2\/pages"}],"about":[{"href":"http:\/\/wordpress.sventa-spring.de\/index.php?rest_route=\/wp\/v2\/types\/page"}],"author":[{"embeddable":true,"href":"http:\/\/wordpress.sventa-spring.de\/index.php?rest_route=\/wp\/v2\/users\/1"}],"replies":[{"embeddable":true,"href":"http:\/\/wordpress.sventa-spring.de\/index.php?rest_route=%2Fwp%2Fv2%2Fcomments&post=686"}],"version-history":[{"count":4,"href":"http:\/\/wordpress.sventa-spring.de\/index.php?rest_route=\/wp\/v2\/pages\/686\/revisions"}],"predecessor-version":[{"id":710,"href":"http:\/\/wordpress.sventa-spring.de\/index.php?rest_route=\/wp\/v2\/pages\/686\/revisions\/710"}],"wp:attachment":[{"href":"http:\/\/wordpress.sventa-spring.de\/index.php?rest_route=%2Fwp%2Fv2%2Fmedia&parent=686"}],"curies":[{"name":"wp","href":"https:\/\/api.w.org\/{rel}","templated":true}]}}