{"id":220,"date":"2018-12-22T18:32:08","date_gmt":"2018-12-22T17:32:08","guid":{"rendered":"http:\/\/wordpress.sventa-spring.de\/?page_id=220"},"modified":"2019-01-14T09:51:18","modified_gmt":"2019-01-14T08:51:18","slug":"d-wurf-2-woche","status":"publish","type":"page","link":"http:\/\/wordpress.sventa-spring.de\/?page_id=220","title":{"rendered":"D-Wurf \/ 2. Woche"},"content":{"rendered":"\n<p>Nun ist schon die zweite Woche verstrichen, die Kleinen sind ordentlich gewachsen, haben ihr Gewicht fast verdreifacht und die Punkte lassen sich auch schon erkennen. Bis auf wenige Ausnahmen haben auch alle schon ihre \u00c4uglein ge\u00f6ffnet.<\/p>\n\n\n\n<p>Mama Lilu macht ihre Aufgabe bestens und wird, soweit sie es zul\u00e4sst, tatkr\u00e4ftig von Oma Shaya unterst\u00fctzt \ud83d\ude42 teilweise ist sie von der Wurfkiste nicht wegzubekommen \ud83d\ude00<\/p>\n\n\n\n<p>Hier nun ein paar Eindr\u00fccke<\/p>\n\n\n\n<ul class=\"wp-block-gallery columns-3 is-cropped wp-block-gallery-1 is-layout-flex wp-block-gallery-is-layout-flex\"><li class=\"blocks-gallery-item\"><figure><a href=\"http:\/\/wordpress.sventa-spring.de\/wp-content\/uploads\/2019\/01\/20190110_132701-1024x841.jpg\"><img loading=\"lazy\" decoding=\"async\" width=\"1024\" height=\"841\" src=\"http:\/\/wordpress.sventa-spring.de\/wp-content\/uploads\/2019\/01\/20190110_132701-1024x841.jpg\" alt=\"\" data-id=\"274\" data-link=\"http:\/\/wordpress.sventa-spring.de\/?attachment_id=274#main\" class=\"wp-image-274\" srcset=\"http:\/\/wordpress.sventa-spring.de\/wp-content\/uploads\/2019\/01\/20190110_132701-1024x841.jpg 1024w, http:\/\/wordpress.sventa-spring.de\/wp-content\/uploads\/2019\/01\/20190110_132701-300x246.jpg 300w, http:\/\/wordpress.sventa-spring.de\/wp-content\/uploads\/2019\/01\/20190110_132701-768x630.jpg 768w, http:\/\/wordpress.sventa-spring.de\/wp-content\/uploads\/2019\/01\/20190110_132701-463x380.jpg 463w, http:\/\/wordpress.sventa-spring.de\/wp-content\/uploads\/2019\/01\/20190110_132701.jpg 1971w\" sizes=\"auto, (max-width: 1024px) 100vw, 1024px\" \/><\/a><\/figure><\/li><li class=\"blocks-gallery-item\"><figure><a href=\"http:\/\/wordpress.sventa-spring.de\/wp-content\/uploads\/2019\/01\/20190110_132738-1024x713.jpg\"><img loading=\"lazy\" decoding=\"async\" width=\"1024\" height=\"713\" src=\"http:\/\/wordpress.sventa-spring.de\/wp-content\/uploads\/2019\/01\/20190110_132738-1024x713.jpg\" alt=\"\" data-id=\"275\" data-link=\"http:\/\/wordpress.sventa-spring.de\/?attachment_id=275#main\" class=\"wp-image-275\" srcset=\"http:\/\/wordpress.sventa-spring.de\/wp-content\/uploads\/2019\/01\/20190110_132738-1024x713.jpg 1024w, http:\/\/wordpress.sventa-spring.de\/wp-content\/uploads\/2019\/01\/20190110_132738-300x209.jpg 300w, http:\/\/wordpress.sventa-spring.de\/wp-content\/uploads\/2019\/01\/20190110_132738-768x535.jpg 768w, http:\/\/wordpress.sventa-spring.de\/wp-content\/uploads\/2019\/01\/20190110_132738-546x380.jpg 546w, http:\/\/wordpress.sventa-spring.de\/wp-content\/uploads\/2019\/01\/20190110_132738.jpg 2019w\" sizes=\"auto, (max-width: 1024px) 100vw, 1024px\" \/><\/a><\/figure><\/li><li class=\"blocks-gallery-item\"><figure><a href=\"http:\/\/wordpress.sventa-spring.de\/wp-content\/uploads\/2019\/01\/20190110_132836-1024x1008.jpg\"><img loading=\"lazy\" decoding=\"async\" width=\"1024\" height=\"1008\" src=\"http:\/\/wordpress.sventa-spring.de\/wp-content\/uploads\/2019\/01\/20190110_132836-1024x1008.jpg\" alt=\"\" data-id=\"276\" data-link=\"http:\/\/wordpress.sventa-spring.de\/?attachment_id=276#main\" class=\"wp-image-276\" srcset=\"http:\/\/wordpress.sventa-spring.de\/wp-content\/uploads\/2019\/01\/20190110_132836-1024x1008.jpg 1024w, http:\/\/wordpress.sventa-spring.de\/wp-content\/uploads\/2019\/01\/20190110_132836-300x295.jpg 300w, http:\/\/wordpress.sventa-spring.de\/wp-content\/uploads\/2019\/01\/20190110_132836-768x756.jpg 768w, http:\/\/wordpress.sventa-spring.de\/wp-content\/uploads\/2019\/01\/20190110_132836-90x90.jpg 90w, http:\/\/wordpress.sventa-spring.de\/wp-content\/uploads\/2019\/01\/20190110_132836-386x380.jpg 386w, http:\/\/wordpress.sventa-spring.de\/wp-content\/uploads\/2019\/01\/20190110_132836.jpg 1721w\" sizes=\"auto, (max-width: 1024px) 100vw, 1024px\" \/><\/a><\/figure><\/li><li class=\"blocks-gallery-item\"><figure><a href=\"http:\/\/wordpress.sventa-spring.de\/wp-content\/uploads\/2019\/01\/20190110_132904-1024x768.jpg\"><img loading=\"lazy\" decoding=\"async\" width=\"1024\" height=\"768\" src=\"http:\/\/wordpress.sventa-spring.de\/wp-content\/uploads\/2019\/01\/20190110_132904-1024x768.jpg\" alt=\"\" data-id=\"277\" data-link=\"http:\/\/wordpress.sventa-spring.de\/?attachment_id=277#main\" class=\"wp-image-277\" srcset=\"http:\/\/wordpress.sventa-spring.de\/wp-content\/uploads\/2019\/01\/20190110_132904-1024x768.jpg 1024w, http:\/\/wordpress.sventa-spring.de\/wp-content\/uploads\/2019\/01\/20190110_132904-300x225.jpg 300w, http:\/\/wordpress.sventa-spring.de\/wp-content\/uploads\/2019\/01\/20190110_132904-768x576.jpg 768w, http:\/\/wordpress.sventa-spring.de\/wp-content\/uploads\/2019\/01\/20190110_132904-507x380.jpg 507w\" sizes=\"auto, (max-width: 1024px) 100vw, 1024px\" \/><\/a><\/figure><\/li><li class=\"blocks-gallery-item\"><figure><a href=\"http:\/\/wordpress.sventa-spring.de\/wp-content\/uploads\/2019\/01\/20190111_101328-1024x721.jpg\"><img loading=\"lazy\" decoding=\"async\" width=\"1024\" height=\"721\" src=\"http:\/\/wordpress.sventa-spring.de\/wp-content\/uploads\/2019\/01\/20190111_101328-1024x721.jpg\" alt=\"\" data-id=\"278\" data-link=\"http:\/\/wordpress.sventa-spring.de\/?attachment_id=278#main\" class=\"wp-image-278\" srcset=\"http:\/\/wordpress.sventa-spring.de\/wp-content\/uploads\/2019\/01\/20190111_101328-1024x721.jpg 1024w, http:\/\/wordpress.sventa-spring.de\/wp-content\/uploads\/2019\/01\/20190111_101328-300x211.jpg 300w, http:\/\/wordpress.sventa-spring.de\/wp-content\/uploads\/2019\/01\/20190111_101328-768x541.jpg 768w, http:\/\/wordpress.sventa-spring.de\/wp-content\/uploads\/2019\/01\/20190111_101328-540x380.jpg 540w\" sizes=\"auto, (max-width: 1024px) 100vw, 1024px\" \/><\/a><\/figure><\/li><li class=\"blocks-gallery-item\"><figure><a href=\"http:\/\/wordpress.sventa-spring.de\/wp-content\/uploads\/2019\/01\/20190111_101342-1024x922.jpg\"><img loading=\"lazy\" decoding=\"async\" width=\"1024\" height=\"922\" src=\"http:\/\/wordpress.sventa-spring.de\/wp-content\/uploads\/2019\/01\/20190111_101342-1024x922.jpg\" alt=\"\" data-id=\"279\" data-link=\"http:\/\/wordpress.sventa-spring.de\/?attachment_id=279#main\" class=\"wp-image-279\" srcset=\"http:\/\/wordpress.sventa-spring.de\/wp-content\/uploads\/2019\/01\/20190111_101342-1024x922.jpg 1024w, http:\/\/wordpress.sventa-spring.de\/wp-content\/uploads\/2019\/01\/20190111_101342-300x270.jpg 300w, http:\/\/wordpress.sventa-spring.de\/wp-content\/uploads\/2019\/01\/20190111_101342-768x692.jpg 768w, http:\/\/wordpress.sventa-spring.de\/wp-content\/uploads\/2019\/01\/20190111_101342-422x380.jpg 422w, http:\/\/wordpress.sventa-spring.de\/wp-content\/uploads\/2019\/01\/20190111_101342.jpg 2033w\" sizes=\"auto, (max-width: 1024px) 100vw, 1024px\" \/><\/a><\/figure><\/li><li class=\"blocks-gallery-item\"><figure><a href=\"http:\/\/wordpress.sventa-spring.de\/wp-content\/uploads\/2019\/01\/DSC04150-1024x680.jpg\"><img loading=\"lazy\" decoding=\"async\" width=\"1024\" height=\"680\" src=\"http:\/\/wordpress.sventa-spring.de\/wp-content\/uploads\/2019\/01\/DSC04150-1024x680.jpg\" alt=\"\" data-id=\"280\" data-link=\"http:\/\/wordpress.sventa-spring.de\/?attachment_id=280#main\" class=\"wp-image-280\" srcset=\"http:\/\/wordpress.sventa-spring.de\/wp-content\/uploads\/2019\/01\/DSC04150-1024x680.jpg 1024w, http:\/\/wordpress.sventa-spring.de\/wp-content\/uploads\/2019\/01\/DSC04150-300x199.jpg 300w, http:\/\/wordpress.sventa-spring.de\/wp-content\/uploads\/2019\/01\/DSC04150-768x510.jpg 768w, http:\/\/wordpress.sventa-spring.de\/wp-content\/uploads\/2019\/01\/DSC04150-572x380.jpg 572w\" sizes=\"auto, (max-width: 1024px) 100vw, 1024px\" \/><\/a><\/figure><\/li><li class=\"blocks-gallery-item\"><figure><a href=\"http:\/\/wordpress.sventa-spring.de\/wp-content\/uploads\/2019\/01\/DSC04152-1024x851.jpg\"><img loading=\"lazy\" decoding=\"async\" width=\"1024\" height=\"851\" src=\"http:\/\/wordpress.sventa-spring.de\/wp-content\/uploads\/2019\/01\/DSC04152-1024x851.jpg\" alt=\"\" data-id=\"281\" data-link=\"http:\/\/wordpress.sventa-spring.de\/?attachment_id=281#main\" class=\"wp-image-281\" srcset=\"http:\/\/wordpress.sventa-spring.de\/wp-content\/uploads\/2019\/01\/DSC04152-1024x851.jpg 1024w, http:\/\/wordpress.sventa-spring.de\/wp-content\/uploads\/2019\/01\/DSC04152-300x249.jpg 300w, http:\/\/wordpress.sventa-spring.de\/wp-content\/uploads\/2019\/01\/DSC04152-768x638.jpg 768w, http:\/\/wordpress.sventa-spring.de\/wp-content\/uploads\/2019\/01\/DSC04152-457x380.jpg 457w\" sizes=\"auto, (max-width: 1024px) 100vw, 1024px\" \/><\/a><\/figure><\/li><li class=\"blocks-gallery-item\"><figure><a href=\"http:\/\/wordpress.sventa-spring.de\/wp-content\/uploads\/2019\/01\/DSC04154-1024x680.jpg\"><img loading=\"lazy\" decoding=\"async\" width=\"1024\" height=\"680\" src=\"http:\/\/wordpress.sventa-spring.de\/wp-content\/uploads\/2019\/01\/DSC04154-1024x680.jpg\" alt=\"\" data-id=\"282\" data-link=\"http:\/\/wordpress.sventa-spring.de\/?attachment_id=282#main\" class=\"wp-image-282\" srcset=\"http:\/\/wordpress.sventa-spring.de\/wp-content\/uploads\/2019\/01\/DSC04154-1024x680.jpg 1024w, http:\/\/wordpress.sventa-spring.de\/wp-content\/uploads\/2019\/01\/DSC04154-300x199.jpg 300w, http:\/\/wordpress.sventa-spring.de\/wp-content\/uploads\/2019\/01\/DSC04154-768x510.jpg 768w, http:\/\/wordpress.sventa-spring.de\/wp-content\/uploads\/2019\/01\/DSC04154-572x380.jpg 572w\" sizes=\"auto, (max-width: 1024px) 100vw, 1024px\" \/><\/a><\/figure><\/li><li class=\"blocks-gallery-item\"><figure><a href=\"http:\/\/wordpress.sventa-spring.de\/wp-content\/uploads\/2019\/01\/DSC04156-1024x976.jpg\"><img loading=\"lazy\" decoding=\"async\" width=\"1024\" height=\"976\" src=\"http:\/\/wordpress.sventa-spring.de\/wp-content\/uploads\/2019\/01\/DSC04156-1024x976.jpg\" alt=\"\" data-id=\"283\" data-link=\"http:\/\/wordpress.sventa-spring.de\/?attachment_id=283#main\" class=\"wp-image-283\" srcset=\"http:\/\/wordpress.sventa-spring.de\/wp-content\/uploads\/2019\/01\/DSC04156-1024x976.jpg 1024w, http:\/\/wordpress.sventa-spring.de\/wp-content\/uploads\/2019\/01\/DSC04156-300x286.jpg 300w, http:\/\/wordpress.sventa-spring.de\/wp-content\/uploads\/2019\/01\/DSC04156-768x732.jpg 768w, http:\/\/wordpress.sventa-spring.de\/wp-content\/uploads\/2019\/01\/DSC04156-399x380.jpg 399w, http:\/\/wordpress.sventa-spring.de\/wp-content\/uploads\/2019\/01\/DSC04156.jpg 1496w\" sizes=\"auto, (max-width: 1024px) 100vw, 1024px\" \/><\/a><\/figure><\/li><li class=\"blocks-gallery-item\"><figure><a href=\"http:\/\/wordpress.sventa-spring.de\/wp-content\/uploads\/2019\/01\/DSC04158-1024x794.jpg\"><img loading=\"lazy\" decoding=\"async\" width=\"1024\" height=\"794\" src=\"http:\/\/wordpress.sventa-spring.de\/wp-content\/uploads\/2019\/01\/DSC04158-1024x794.jpg\" alt=\"\" data-id=\"284\" data-link=\"http:\/\/wordpress.sventa-spring.de\/?attachment_id=284#main\" class=\"wp-image-284\" srcset=\"http:\/\/wordpress.sventa-spring.de\/wp-content\/uploads\/2019\/01\/DSC04158-1024x794.jpg 1024w, http:\/\/wordpress.sventa-spring.de\/wp-content\/uploads\/2019\/01\/DSC04158-300x233.jpg 300w, http:\/\/wordpress.sventa-spring.de\/wp-content\/uploads\/2019\/01\/DSC04158-768x595.jpg 768w, http:\/\/wordpress.sventa-spring.de\/wp-content\/uploads\/2019\/01\/DSC04158-490x380.jpg 490w\" sizes=\"auto, (max-width: 1024px) 100vw, 1024px\" \/><\/a><\/figure><\/li><li class=\"blocks-gallery-item\"><figure><a href=\"http:\/\/wordpress.sventa-spring.de\/wp-content\/uploads\/2019\/01\/DSC04159-1024x846.jpg\"><img loading=\"lazy\" decoding=\"async\" width=\"1024\" height=\"846\" src=\"http:\/\/wordpress.sventa-spring.de\/wp-content\/uploads\/2019\/01\/DSC04159-1024x846.jpg\" alt=\"\" data-id=\"285\" data-link=\"http:\/\/wordpress.sventa-spring.de\/?attachment_id=285#main\" class=\"wp-image-285\" srcset=\"http:\/\/wordpress.sventa-spring.de\/wp-content\/uploads\/2019\/01\/DSC04159-1024x846.jpg 1024w, http:\/\/wordpress.sventa-spring.de\/wp-content\/uploads\/2019\/01\/DSC04159-300x248.jpg 300w, http:\/\/wordpress.sventa-spring.de\/wp-content\/uploads\/2019\/01\/DSC04159-768x634.jpg 768w, http:\/\/wordpress.sventa-spring.de\/wp-content\/uploads\/2019\/01\/DSC04159-460x380.jpg 460w\" sizes=\"auto, (max-width: 1024px) 100vw, 1024px\" \/><\/a><\/figure><\/li><li class=\"blocks-gallery-item\"><figure><a href=\"http:\/\/wordpress.sventa-spring.de\/wp-content\/uploads\/2019\/01\/DSC04160-1024x680.jpg\"><img loading=\"lazy\" decoding=\"async\" width=\"1024\" height=\"680\" src=\"http:\/\/wordpress.sventa-spring.de\/wp-content\/uploads\/2019\/01\/DSC04160-1024x680.jpg\" alt=\"\" data-id=\"286\" data-link=\"http:\/\/wordpress.sventa-spring.de\/?attachment_id=286#main\" class=\"wp-image-286\" srcset=\"http:\/\/wordpress.sventa-spring.de\/wp-content\/uploads\/2019\/01\/DSC04160-1024x680.jpg 1024w, http:\/\/wordpress.sventa-spring.de\/wp-content\/uploads\/2019\/01\/DSC04160-300x199.jpg 300w, http:\/\/wordpress.sventa-spring.de\/wp-content\/uploads\/2019\/01\/DSC04160-768x510.jpg 768w, http:\/\/wordpress.sventa-spring.de\/wp-content\/uploads\/2019\/01\/DSC04160-572x380.jpg 572w\" sizes=\"auto, (max-width: 1024px) 100vw, 1024px\" \/><\/a><\/figure><\/li><li class=\"blocks-gallery-item\"><figure><a href=\"http:\/\/wordpress.sventa-spring.de\/wp-content\/uploads\/2019\/01\/DSC04161-1024x767.jpg\"><img loading=\"lazy\" decoding=\"async\" width=\"1024\" height=\"767\" src=\"http:\/\/wordpress.sventa-spring.de\/wp-content\/uploads\/2019\/01\/DSC04161-1024x767.jpg\" alt=\"\" data-id=\"287\" data-link=\"http:\/\/wordpress.sventa-spring.de\/?attachment_id=287#main\" class=\"wp-image-287\" srcset=\"http:\/\/wordpress.sventa-spring.de\/wp-content\/uploads\/2019\/01\/DSC04161-1024x767.jpg 1024w, http:\/\/wordpress.sventa-spring.de\/wp-content\/uploads\/2019\/01\/DSC04161-300x225.jpg 300w, http:\/\/wordpress.sventa-spring.de\/wp-content\/uploads\/2019\/01\/DSC04161-768x575.jpg 768w, http:\/\/wordpress.sventa-spring.de\/wp-content\/uploads\/2019\/01\/DSC04161-508x380.jpg 508w\" sizes=\"auto, (max-width: 1024px) 100vw, 1024px\" \/><\/a><\/figure><\/li><\/ul>\n","protected":false},"excerpt":{"rendered":"<p>Nun ist schon die zweite Woche verstrichen, die Kleinen sind ordentlich gewachsen, haben ihr Gewicht fast verdreifacht und die Punkte lassen sich auch schon erkennen. Bis auf wenige Ausnahmen haben auch alle schon ihre \u00c4uglein ge\u00f6ffnet. Mama Lilu macht ihre Aufgabe bestens und wird, soweit sie es zul\u00e4sst, tatkr\u00e4ftig von Oma Shaya unterst\u00fctzt \ud83d\ude42 teilweise &hellip; <a href=\"http:\/\/wordpress.sventa-spring.de\/?page_id=220\" class=\"more-link\">Weiterlesen <span class=\"screen-reader-text\">D-Wurf \/ 2. Woche<\/span><\/a><\/p>\n","protected":false},"author":1,"featured_media":278,"parent":0,"menu_order":0,"comment_status":"closed","ping_status":"closed","template":"","meta":{"footnotes":""},"class_list":["post-220","page","type-page","status-publish","has-post-thumbnail","hentry","with-featured-image"],"_links":{"self":[{"href":"http:\/\/wordpress.sventa-spring.de\/index.php?rest_route=\/wp\/v2\/pages\/220","targetHints":{"allow":["GET"]}}],"collection":[{"href":"http:\/\/wordpress.sventa-spring.de\/index.php?rest_route=\/wp\/v2\/pages"}],"about":[{"href":"http:\/\/wordpress.sventa-spring.de\/index.php?rest_route=\/wp\/v2\/types\/page"}],"author":[{"embeddable":true,"href":"http:\/\/wordpress.sventa-spring.de\/index.php?rest_route=\/wp\/v2\/users\/1"}],"replies":[{"embeddable":true,"href":"http:\/\/wordpress.sventa-spring.de\/index.php?rest_route=%2Fwp%2Fv2%2Fcomments&post=220"}],"version-history":[{"count":3,"href":"http:\/\/wordpress.sventa-spring.de\/index.php?rest_route=\/wp\/v2\/pages\/220\/revisions"}],"predecessor-version":[{"id":288,"href":"http:\/\/wordpress.sventa-spring.de\/index.php?rest_route=\/wp\/v2\/pages\/220\/revisions\/288"}],"wp:featuredmedia":[{"embeddable":true,"href":"http:\/\/wordpress.sventa-spring.de\/index.php?rest_route=\/wp\/v2\/media\/278"}],"wp:attachment":[{"href":"http:\/\/wordpress.sventa-spring.de\/index.php?rest_route=%2Fwp%2Fv2%2Fmedia&parent=220"}],"curies":[{"name":"wp","href":"https:\/\/api.w.org\/{rel}","templated":true}]}}