{"id":1121,"date":"2023-10-14T11:50:14","date_gmt":"2023-10-14T10:50:14","guid":{"rendered":"http:\/\/wordpress.sventa-spring.de\/?page_id=1121"},"modified":"2023-11-09T17:31:39","modified_gmt":"2023-11-09T16:31:39","slug":"strandbilder","status":"publish","type":"page","link":"http:\/\/wordpress.sventa-spring.de\/?page_id=1121","title":{"rendered":"F-Wurf \/ Standbilder"},"content":{"rendered":"\n<p class=\"has-text-color has-vivid-cyan-blue-color\"><strong>R\u00fcden<\/strong><\/p>\n\n\n\n<ul class=\"wp-block-gallery columns-3 is-cropped wp-block-gallery-1 is-layout-flex wp-block-gallery-is-layout-flex\"><li class=\"blocks-gallery-item\"><figure><a href=\"http:\/\/wordpress.sventa-spring.de\/wp-content\/uploads\/2023\/10\/DSC07265-1-1024x680.jpg\"><img loading=\"lazy\" decoding=\"async\" width=\"1024\" height=\"680\" src=\"http:\/\/wordpress.sventa-spring.de\/wp-content\/uploads\/2023\/10\/DSC07265-1-1024x680.jpg\" alt=\"\" data-id=\"1128\" data-link=\"http:\/\/wordpress.sventa-spring.de\/?attachment_id=1128#main\" class=\"wp-image-1128\" srcset=\"http:\/\/wordpress.sventa-spring.de\/wp-content\/uploads\/2023\/10\/DSC07265-1-1024x680.jpg 1024w, http:\/\/wordpress.sventa-spring.de\/wp-content\/uploads\/2023\/10\/DSC07265-1-300x199.jpg 300w, http:\/\/wordpress.sventa-spring.de\/wp-content\/uploads\/2023\/10\/DSC07265-1-768x510.jpg 768w, http:\/\/wordpress.sventa-spring.de\/wp-content\/uploads\/2023\/10\/DSC07265-1-572x380.jpg 572w\" sizes=\"auto, (max-width: 1024px) 100vw, 1024px\" \/><\/a><\/figure><\/li><li class=\"blocks-gallery-item\"><figure><a href=\"http:\/\/wordpress.sventa-spring.de\/wp-content\/uploads\/2023\/10\/DSC07272-1024x680.jpg\"><img loading=\"lazy\" decoding=\"async\" width=\"1024\" height=\"680\" src=\"http:\/\/wordpress.sventa-spring.de\/wp-content\/uploads\/2023\/10\/DSC07272-1024x680.jpg\" alt=\"\" data-id=\"1129\" data-link=\"http:\/\/wordpress.sventa-spring.de\/?attachment_id=1129#main\" class=\"wp-image-1129\" srcset=\"http:\/\/wordpress.sventa-spring.de\/wp-content\/uploads\/2023\/10\/DSC07272-1024x680.jpg 1024w, http:\/\/wordpress.sventa-spring.de\/wp-content\/uploads\/2023\/10\/DSC07272-300x199.jpg 300w, http:\/\/wordpress.sventa-spring.de\/wp-content\/uploads\/2023\/10\/DSC07272-768x510.jpg 768w, http:\/\/wordpress.sventa-spring.de\/wp-content\/uploads\/2023\/10\/DSC07272-572x380.jpg 572w\" sizes=\"auto, (max-width: 1024px) 100vw, 1024px\" \/><\/a><\/figure><\/li><li class=\"blocks-gallery-item\"><figure><a href=\"http:\/\/wordpress.sventa-spring.de\/wp-content\/uploads\/2023\/10\/DSC07276-1024x680.jpg\"><img loading=\"lazy\" decoding=\"async\" width=\"1024\" height=\"680\" src=\"http:\/\/wordpress.sventa-spring.de\/wp-content\/uploads\/2023\/10\/DSC07276-1024x680.jpg\" alt=\"\" data-id=\"1130\" data-link=\"http:\/\/wordpress.sventa-spring.de\/?attachment_id=1130#main\" class=\"wp-image-1130\" srcset=\"http:\/\/wordpress.sventa-spring.de\/wp-content\/uploads\/2023\/10\/DSC07276-1024x680.jpg 1024w, http:\/\/wordpress.sventa-spring.de\/wp-content\/uploads\/2023\/10\/DSC07276-300x199.jpg 300w, http:\/\/wordpress.sventa-spring.de\/wp-content\/uploads\/2023\/10\/DSC07276-768x510.jpg 768w, http:\/\/wordpress.sventa-spring.de\/wp-content\/uploads\/2023\/10\/DSC07276-572x380.jpg 572w\" sizes=\"auto, (max-width: 1024px) 100vw, 1024px\" \/><\/a><\/figure><\/li><\/ul>\n\n\n\n<p><strong>Fast and Furious aka Lio, LUA, weiss-schwarz, bds. h\u00f6rend, lebt in Cottbus<\/strong><\/p>\n\n\n\n<ul class=\"wp-block-gallery columns-2 wp-block-gallery-2 is-layout-flex wp-block-gallery-is-layout-flex\"><li class=\"blocks-gallery-item\"><figure><a href=\"http:\/\/wordpress.sventa-spring.de\/wp-content\/uploads\/2023\/10\/DSC07236-1-767x1024.jpg\"><img loading=\"lazy\" decoding=\"async\" width=\"767\" height=\"1024\" src=\"http:\/\/wordpress.sventa-spring.de\/wp-content\/uploads\/2023\/10\/DSC07236-1-767x1024.jpg\" alt=\"\" data-id=\"1135\" data-link=\"http:\/\/wordpress.sventa-spring.de\/?attachment_id=1135#main\" class=\"wp-image-1135\" srcset=\"http:\/\/wordpress.sventa-spring.de\/wp-content\/uploads\/2023\/10\/DSC07236-1-767x1024.jpg 767w, http:\/\/wordpress.sventa-spring.de\/wp-content\/uploads\/2023\/10\/DSC07236-1-225x300.jpg 225w, http:\/\/wordpress.sventa-spring.de\/wp-content\/uploads\/2023\/10\/DSC07236-1-768x1026.jpg 768w, http:\/\/wordpress.sventa-spring.de\/wp-content\/uploads\/2023\/10\/DSC07236-1-284x380.jpg 284w, http:\/\/wordpress.sventa-spring.de\/wp-content\/uploads\/2023\/10\/DSC07236-1.jpg 1578w\" sizes=\"auto, (max-width: 767px) 100vw, 767px\" \/><\/a><\/figure><\/li><li class=\"blocks-gallery-item\"><figure><a href=\"http:\/\/wordpress.sventa-spring.de\/wp-content\/uploads\/2023\/10\/DSC07205-3-1024x680.jpg\"><img loading=\"lazy\" decoding=\"async\" width=\"1024\" height=\"680\" src=\"http:\/\/wordpress.sventa-spring.de\/wp-content\/uploads\/2023\/10\/DSC07205-3-1024x680.jpg\" alt=\"\" data-id=\"1136\" data-link=\"http:\/\/wordpress.sventa-spring.de\/?attachment_id=1136#main\" class=\"wp-image-1136\" srcset=\"http:\/\/wordpress.sventa-spring.de\/wp-content\/uploads\/2023\/10\/DSC07205-3-1024x680.jpg 1024w, http:\/\/wordpress.sventa-spring.de\/wp-content\/uploads\/2023\/10\/DSC07205-3-300x199.jpg 300w, http:\/\/wordpress.sventa-spring.de\/wp-content\/uploads\/2023\/10\/DSC07205-3-768x510.jpg 768w, http:\/\/wordpress.sventa-spring.de\/wp-content\/uploads\/2023\/10\/DSC07205-3-572x380.jpg 572w\" sizes=\"auto, (max-width: 1024px) 100vw, 1024px\" \/><\/a><\/figure><\/li><\/ul>\n\n\n\n<p><strong>Famous Patch like Hugo aka Hugo, weiss-schwarz, bds. h\u00f6rend, lebt jetzt in Neustadt i. H.<\/strong><\/p>\n\n\n\n<ul class=\"wp-block-gallery columns-2 is-cropped wp-block-gallery-3 is-layout-flex wp-block-gallery-is-layout-flex\"><li class=\"blocks-gallery-item\"><figure><img loading=\"lazy\" decoding=\"async\" width=\"1024\" height=\"680\" src=\"http:\/\/wordpress.sventa-spring.de\/wp-content\/uploads\/2023\/10\/DSC07314-1024x680.jpg\" alt=\"\" data-id=\"1137\" data-link=\"http:\/\/wordpress.sventa-spring.de\/?attachment_id=1137#main\" class=\"wp-image-1137\" srcset=\"http:\/\/wordpress.sventa-spring.de\/wp-content\/uploads\/2023\/10\/DSC07314-1024x680.jpg 1024w, http:\/\/wordpress.sventa-spring.de\/wp-content\/uploads\/2023\/10\/DSC07314-300x199.jpg 300w, http:\/\/wordpress.sventa-spring.de\/wp-content\/uploads\/2023\/10\/DSC07314-768x510.jpg 768w, http:\/\/wordpress.sventa-spring.de\/wp-content\/uploads\/2023\/10\/DSC07314-572x380.jpg 572w\" sizes=\"auto, (max-width: 1024px) 100vw, 1024px\" \/><\/figure><\/li><li class=\"blocks-gallery-item\"><figure><img loading=\"lazy\" decoding=\"async\" width=\"1024\" height=\"680\" src=\"http:\/\/wordpress.sventa-spring.de\/wp-content\/uploads\/2023\/10\/DSC07316-1024x680.jpg\" alt=\"\" data-id=\"1138\" data-link=\"http:\/\/wordpress.sventa-spring.de\/?attachment_id=1138#main\" class=\"wp-image-1138\" srcset=\"http:\/\/wordpress.sventa-spring.de\/wp-content\/uploads\/2023\/10\/DSC07316-1024x680.jpg 1024w, http:\/\/wordpress.sventa-spring.de\/wp-content\/uploads\/2023\/10\/DSC07316-300x199.jpg 300w, http:\/\/wordpress.sventa-spring.de\/wp-content\/uploads\/2023\/10\/DSC07316-768x510.jpg 768w, http:\/\/wordpress.sventa-spring.de\/wp-content\/uploads\/2023\/10\/DSC07316-572x380.jpg 572w\" sizes=\"auto, (max-width: 1024px) 100vw, 1024px\" \/><\/figure><\/li><\/ul>\n\n\n\n<p><strong>Free an Wild aka Willi, weiss-schwarz, bds. h\u00f6rend, lebt bald in Hemmelsdorf<\/strong><\/p>\n\n\n\n<p><\/p>\n\n\n\n<p class=\"has-text-color has-vivid-red-color\"><strong>H\u00fcndinnen<\/strong><\/p>\n\n\n\n<ul class=\"wp-block-gallery columns-2 is-cropped wp-block-gallery-4 is-layout-flex wp-block-gallery-is-layout-flex\"><li class=\"blocks-gallery-item\"><figure><img loading=\"lazy\" decoding=\"async\" width=\"1024\" height=\"768\" src=\"http:\/\/wordpress.sventa-spring.de\/wp-content\/uploads\/2023\/10\/20231013_113750-1024x768.jpg\" alt=\"\" data-id=\"1139\" data-link=\"http:\/\/wordpress.sventa-spring.de\/?attachment_id=1139#main\" class=\"wp-image-1139\" srcset=\"http:\/\/wordpress.sventa-spring.de\/wp-content\/uploads\/2023\/10\/20231013_113750-1024x768.jpg 1024w, http:\/\/wordpress.sventa-spring.de\/wp-content\/uploads\/2023\/10\/20231013_113750-300x225.jpg 300w, http:\/\/wordpress.sventa-spring.de\/wp-content\/uploads\/2023\/10\/20231013_113750-768x576.jpg 768w, http:\/\/wordpress.sventa-spring.de\/wp-content\/uploads\/2023\/10\/20231013_113750-506x380.jpg 506w\" sizes=\"auto, (max-width: 1024px) 100vw, 1024px\" \/><\/figure><\/li><li class=\"blocks-gallery-item\"><figure><img loading=\"lazy\" decoding=\"async\" width=\"1024\" height=\"680\" src=\"http:\/\/wordpress.sventa-spring.de\/wp-content\/uploads\/2023\/10\/DSC07323-1024x680.jpg\" alt=\"\" data-id=\"1141\" data-link=\"http:\/\/wordpress.sventa-spring.de\/?attachment_id=1141#main\" class=\"wp-image-1141\" srcset=\"http:\/\/wordpress.sventa-spring.de\/wp-content\/uploads\/2023\/10\/DSC07323-1024x680.jpg 1024w, http:\/\/wordpress.sventa-spring.de\/wp-content\/uploads\/2023\/10\/DSC07323-300x199.jpg 300w, http:\/\/wordpress.sventa-spring.de\/wp-content\/uploads\/2023\/10\/DSC07323-768x510.jpg 768w, http:\/\/wordpress.sventa-spring.de\/wp-content\/uploads\/2023\/10\/DSC07323-572x380.jpg 572w\" sizes=\"auto, (max-width: 1024px) 100vw, 1024px\" \/><\/figure><\/li><\/ul>\n\n\n\n<p><strong>Flying Heart aka Seema, weiss-schwarz, bds. h\u00f6rend, lebt jetzt in Ponitz<\/strong><\/p>\n\n\n\n<ul class=\"wp-block-gallery columns-2 is-cropped wp-block-gallery-5 is-layout-flex wp-block-gallery-is-layout-flex\"><li class=\"blocks-gallery-item\"><figure><img loading=\"lazy\" decoding=\"async\" width=\"1024\" height=\"680\" src=\"http:\/\/wordpress.sventa-spring.de\/wp-content\/uploads\/2023\/10\/DSC07173-1-1024x680.jpg\" alt=\"\" data-id=\"1142\" data-link=\"http:\/\/wordpress.sventa-spring.de\/?attachment_id=1142#main\" class=\"wp-image-1142\" srcset=\"http:\/\/wordpress.sventa-spring.de\/wp-content\/uploads\/2023\/10\/DSC07173-1-1024x680.jpg 1024w, http:\/\/wordpress.sventa-spring.de\/wp-content\/uploads\/2023\/10\/DSC07173-1-300x199.jpg 300w, http:\/\/wordpress.sventa-spring.de\/wp-content\/uploads\/2023\/10\/DSC07173-1-768x510.jpg 768w, http:\/\/wordpress.sventa-spring.de\/wp-content\/uploads\/2023\/10\/DSC07173-1-572x380.jpg 572w\" sizes=\"auto, (max-width: 1024px) 100vw, 1024px\" \/><\/figure><\/li><li class=\"blocks-gallery-item\"><figure><img loading=\"lazy\" decoding=\"async\" width=\"1024\" height=\"680\" src=\"http:\/\/wordpress.sventa-spring.de\/wp-content\/uploads\/2023\/10\/DSC07182-1024x680.jpg\" alt=\"\" data-id=\"1143\" data-link=\"http:\/\/wordpress.sventa-spring.de\/?attachment_id=1143#main\" class=\"wp-image-1143\" srcset=\"http:\/\/wordpress.sventa-spring.de\/wp-content\/uploads\/2023\/10\/DSC07182-1024x680.jpg 1024w, http:\/\/wordpress.sventa-spring.de\/wp-content\/uploads\/2023\/10\/DSC07182-300x199.jpg 300w, http:\/\/wordpress.sventa-spring.de\/wp-content\/uploads\/2023\/10\/DSC07182-768x510.jpg 768w, http:\/\/wordpress.sventa-spring.de\/wp-content\/uploads\/2023\/10\/DSC07182-572x380.jpg 572w\" sizes=\"auto, (max-width: 1024px) 100vw, 1024px\" \/><\/figure><\/li><\/ul>\n\n\n\n<p><strong>Forever Mine aka &#8222;Fame&#8220;, weiss-schwarz, Platte bds, bds. h\u00f6rend, bleibt bei uns<\/strong><\/p>\n\n\n\n<ul class=\"wp-block-gallery columns-2 wp-block-gallery-6 is-layout-flex wp-block-gallery-is-layout-flex\"><li class=\"blocks-gallery-item\"><figure><img loading=\"lazy\" decoding=\"async\" width=\"1024\" height=\"1018\" src=\"http:\/\/wordpress.sventa-spring.de\/wp-content\/uploads\/2023\/10\/DSC07193-1024x1018.jpg\" alt=\"\" data-id=\"1144\" data-link=\"http:\/\/wordpress.sventa-spring.de\/?attachment_id=1144#main\" class=\"wp-image-1144\" srcset=\"http:\/\/wordpress.sventa-spring.de\/wp-content\/uploads\/2023\/10\/DSC07193-1024x1018.jpg 1024w, http:\/\/wordpress.sventa-spring.de\/wp-content\/uploads\/2023\/10\/DSC07193-150x150.jpg 150w, http:\/\/wordpress.sventa-spring.de\/wp-content\/uploads\/2023\/10\/DSC07193-300x298.jpg 300w, http:\/\/wordpress.sventa-spring.de\/wp-content\/uploads\/2023\/10\/DSC07193-768x764.jpg 768w, http:\/\/wordpress.sventa-spring.de\/wp-content\/uploads\/2023\/10\/DSC07193-90x90.jpg 90w, http:\/\/wordpress.sventa-spring.de\/wp-content\/uploads\/2023\/10\/DSC07193-382x380.jpg 382w, http:\/\/wordpress.sventa-spring.de\/wp-content\/uploads\/2023\/10\/DSC07193.jpg 1992w\" sizes=\"auto, (max-width: 1024px) 100vw, 1024px\" \/><\/figure><\/li><li class=\"blocks-gallery-item\"><figure><img loading=\"lazy\" decoding=\"async\" width=\"1024\" height=\"680\" src=\"http:\/\/wordpress.sventa-spring.de\/wp-content\/uploads\/2023\/10\/DSC07202-1024x680.jpg\" alt=\"\" data-id=\"1145\" data-link=\"http:\/\/wordpress.sventa-spring.de\/?attachment_id=1145#main\" class=\"wp-image-1145\" srcset=\"http:\/\/wordpress.sventa-spring.de\/wp-content\/uploads\/2023\/10\/DSC07202-1024x680.jpg 1024w, http:\/\/wordpress.sventa-spring.de\/wp-content\/uploads\/2023\/10\/DSC07202-300x199.jpg 300w, http:\/\/wordpress.sventa-spring.de\/wp-content\/uploads\/2023\/10\/DSC07202-768x510.jpg 768w, http:\/\/wordpress.sventa-spring.de\/wp-content\/uploads\/2023\/10\/DSC07202-572x380.jpg 572w\" sizes=\"auto, (max-width: 1024px) 100vw, 1024px\" \/><\/figure><\/li><\/ul>\n\n\n\n<p><strong>Friendly Kiss aka Frieda, weiss-schwarz, bds. h\u00f6rend, lebt in Bahrensdorf<\/strong><\/p>\n\n\n\n<ul class=\"wp-block-gallery columns-2 wp-block-gallery-7 is-layout-flex wp-block-gallery-is-layout-flex\"><li class=\"blocks-gallery-item\"><figure><img loading=\"lazy\" decoding=\"async\" width=\"767\" height=\"1024\" src=\"http:\/\/wordpress.sventa-spring.de\/wp-content\/uploads\/2023\/10\/DSC07246-767x1024.jpg\" alt=\"\" data-id=\"1146\" data-link=\"http:\/\/wordpress.sventa-spring.de\/?attachment_id=1146#main\" class=\"wp-image-1146\" srcset=\"http:\/\/wordpress.sventa-spring.de\/wp-content\/uploads\/2023\/10\/DSC07246-767x1024.jpg 767w, http:\/\/wordpress.sventa-spring.de\/wp-content\/uploads\/2023\/10\/DSC07246-225x300.jpg 225w, http:\/\/wordpress.sventa-spring.de\/wp-content\/uploads\/2023\/10\/DSC07246-768x1026.jpg 768w, http:\/\/wordpress.sventa-spring.de\/wp-content\/uploads\/2023\/10\/DSC07246-285x380.jpg 285w, http:\/\/wordpress.sventa-spring.de\/wp-content\/uploads\/2023\/10\/DSC07246.jpg 1785w\" sizes=\"auto, (max-width: 767px) 100vw, 767px\" \/><\/figure><\/li><li class=\"blocks-gallery-item\"><figure><img loading=\"lazy\" decoding=\"async\" width=\"1024\" height=\"680\" src=\"http:\/\/wordpress.sventa-spring.de\/wp-content\/uploads\/2023\/10\/DSC07251-1024x680.jpg\" alt=\"\" data-id=\"1147\" data-link=\"http:\/\/wordpress.sventa-spring.de\/?attachment_id=1147#main\" class=\"wp-image-1147\" srcset=\"http:\/\/wordpress.sventa-spring.de\/wp-content\/uploads\/2023\/10\/DSC07251-1024x680.jpg 1024w, http:\/\/wordpress.sventa-spring.de\/wp-content\/uploads\/2023\/10\/DSC07251-300x199.jpg 300w, http:\/\/wordpress.sventa-spring.de\/wp-content\/uploads\/2023\/10\/DSC07251-768x510.jpg 768w, http:\/\/wordpress.sventa-spring.de\/wp-content\/uploads\/2023\/10\/DSC07251-572x380.jpg 572w\" sizes=\"auto, (max-width: 1024px) 100vw, 1024px\" \/><\/figure><\/li><\/ul>\n\n\n\n<p><strong>Fire in Your Heart aka Fee, weiss-braun, bds. h\u00f6rend, lebt bald in Gr\u00f6mitz<\/strong><\/p>\n\n\n\n<ul class=\"wp-block-gallery columns-2 is-cropped wp-block-gallery-8 is-layout-flex wp-block-gallery-is-layout-flex\"><li class=\"blocks-gallery-item\"><figure><img loading=\"lazy\" decoding=\"async\" width=\"1024\" height=\"680\" src=\"http:\/\/wordpress.sventa-spring.de\/wp-content\/uploads\/2023\/10\/DSC07302-1024x680.jpg\" alt=\"\" data-id=\"1148\" data-link=\"http:\/\/wordpress.sventa-spring.de\/?attachment_id=1148#main\" class=\"wp-image-1148\" srcset=\"http:\/\/wordpress.sventa-spring.de\/wp-content\/uploads\/2023\/10\/DSC07302-1024x680.jpg 1024w, http:\/\/wordpress.sventa-spring.de\/wp-content\/uploads\/2023\/10\/DSC07302-300x199.jpg 300w, http:\/\/wordpress.sventa-spring.de\/wp-content\/uploads\/2023\/10\/DSC07302-768x510.jpg 768w, http:\/\/wordpress.sventa-spring.de\/wp-content\/uploads\/2023\/10\/DSC07302-572x380.jpg 572w\" sizes=\"auto, (max-width: 1024px) 100vw, 1024px\" \/><\/figure><\/li><li class=\"blocks-gallery-item\"><figure><img loading=\"lazy\" decoding=\"async\" width=\"1024\" height=\"769\" src=\"http:\/\/wordpress.sventa-spring.de\/wp-content\/uploads\/2023\/10\/DSC07304-1024x769.jpg\" alt=\"\" data-id=\"1149\" data-link=\"http:\/\/wordpress.sventa-spring.de\/?attachment_id=1149#main\" class=\"wp-image-1149\" srcset=\"http:\/\/wordpress.sventa-spring.de\/wp-content\/uploads\/2023\/10\/DSC07304-1024x769.jpg 1024w, http:\/\/wordpress.sventa-spring.de\/wp-content\/uploads\/2023\/10\/DSC07304-300x225.jpg 300w, http:\/\/wordpress.sventa-spring.de\/wp-content\/uploads\/2023\/10\/DSC07304-768x577.jpg 768w, http:\/\/wordpress.sventa-spring.de\/wp-content\/uploads\/2023\/10\/DSC07304-506x380.jpg 506w\" sizes=\"auto, (max-width: 1024px) 100vw, 1024px\" \/><\/figure><\/li><\/ul>\n\n\n\n<p><strong>Feel My Soul aka Chispa, weiss-schwarz Monokel, bds. h\u00f6rend, LUA, lebt bei Hamburg<\/strong><\/p>\n\n\n\n<ul class=\"wp-block-gallery columns-2 is-cropped wp-block-gallery-9 is-layout-flex wp-block-gallery-is-layout-flex\"><li class=\"blocks-gallery-item\"><figure><img loading=\"lazy\" decoding=\"async\" width=\"1024\" height=\"680\" src=\"http:\/\/wordpress.sventa-spring.de\/wp-content\/uploads\/2023\/10\/DSC07279-1024x680.jpg\" alt=\"\" data-id=\"1150\" data-link=\"http:\/\/wordpress.sventa-spring.de\/?attachment_id=1150#main\" class=\"wp-image-1150\" srcset=\"http:\/\/wordpress.sventa-spring.de\/wp-content\/uploads\/2023\/10\/DSC07279-1024x680.jpg 1024w, http:\/\/wordpress.sventa-spring.de\/wp-content\/uploads\/2023\/10\/DSC07279-300x199.jpg 300w, http:\/\/wordpress.sventa-spring.de\/wp-content\/uploads\/2023\/10\/DSC07279-768x510.jpg 768w, http:\/\/wordpress.sventa-spring.de\/wp-content\/uploads\/2023\/10\/DSC07279-572x380.jpg 572w\" sizes=\"auto, (max-width: 1024px) 100vw, 1024px\" \/><\/figure><\/li><li class=\"blocks-gallery-item\"><figure><img loading=\"lazy\" decoding=\"async\" width=\"1024\" height=\"680\" src=\"http:\/\/wordpress.sventa-spring.de\/wp-content\/uploads\/2023\/10\/DSC07282-1024x680.jpg\" alt=\"\" data-id=\"1151\" data-link=\"http:\/\/wordpress.sventa-spring.de\/?attachment_id=1151#main\" class=\"wp-image-1151\" srcset=\"http:\/\/wordpress.sventa-spring.de\/wp-content\/uploads\/2023\/10\/DSC07282-1024x680.jpg 1024w, http:\/\/wordpress.sventa-spring.de\/wp-content\/uploads\/2023\/10\/DSC07282-300x199.jpg 300w, http:\/\/wordpress.sventa-spring.de\/wp-content\/uploads\/2023\/10\/DSC07282-768x510.jpg 768w, http:\/\/wordpress.sventa-spring.de\/wp-content\/uploads\/2023\/10\/DSC07282-572x380.jpg 572w\" sizes=\"auto, (max-width: 1024px) 100vw, 1024px\" \/><\/figure><\/li><\/ul>\n\n\n\n<p><strong>Faithful Friend for Life aka &#8222;Ellie&#8220;, Platte bds., weiss-braun, LUA, bds. h\u00f6rend, lebt jetzt bei ihrer Mutter &#8222;Mika&#8220;<\/strong><\/p>\n\n\n\n<ul class=\"wp-block-gallery columns-0 is-cropped wp-block-gallery-10 is-layout-flex wp-block-gallery-is-layout-flex\"><\/ul>\n","protected":false},"excerpt":{"rendered":"<p>R\u00fcden Fast and Furious aka Lio, LUA, weiss-schwarz, bds. h\u00f6rend, lebt in Cottbus Famous Patch like Hugo aka Hugo, weiss-schwarz, bds. h\u00f6rend, lebt jetzt in Neustadt i. H. Free an Wild aka Willi, weiss-schwarz, bds. h\u00f6rend, lebt bald in Hemmelsdorf H\u00fcndinnen Flying Heart aka Seema, weiss-schwarz, bds. h\u00f6rend, lebt jetzt in Ponitz Forever Mine aka &hellip; <a href=\"http:\/\/wordpress.sventa-spring.de\/?page_id=1121\" class=\"more-link\">Weiterlesen <span class=\"screen-reader-text\">F-Wurf \/ Standbilder<\/span><\/a><\/p>\n","protected":false},"author":1,"featured_media":0,"parent":0,"menu_order":0,"comment_status":"closed","ping_status":"closed","template":"","meta":{"footnotes":""},"class_list":["post-1121","page","type-page","status-publish","hentry","without-featured-image"],"_links":{"self":[{"href":"http:\/\/wordpress.sventa-spring.de\/index.php?rest_route=\/wp\/v2\/pages\/1121","targetHints":{"allow":["GET"]}}],"collection":[{"href":"http:\/\/wordpress.sventa-spring.de\/index.php?rest_route=\/wp\/v2\/pages"}],"about":[{"href":"http:\/\/wordpress.sventa-spring.de\/index.php?rest_route=\/wp\/v2\/types\/page"}],"author":[{"embeddable":true,"href":"http:\/\/wordpress.sventa-spring.de\/index.php?rest_route=\/wp\/v2\/users\/1"}],"replies":[{"embeddable":true,"href":"http:\/\/wordpress.sventa-spring.de\/index.php?rest_route=%2Fwp%2Fv2%2Fcomments&post=1121"}],"version-history":[{"count":7,"href":"http:\/\/wordpress.sventa-spring.de\/index.php?rest_route=\/wp\/v2\/pages\/1121\/revisions"}],"predecessor-version":[{"id":1220,"href":"http:\/\/wordpress.sventa-spring.de\/index.php?rest_route=\/wp\/v2\/pages\/1121\/revisions\/1220"}],"wp:attachment":[{"href":"http:\/\/wordpress.sventa-spring.de\/index.php?rest_route=%2Fwp%2Fv2%2Fmedia&parent=1121"}],"curies":[{"name":"wp","href":"https:\/\/api.w.org\/{rel}","templated":true}]}}